{"id":7747,"date":"2026-03-23T09:38:02","date_gmt":"2026-03-23T09:38:02","guid":{"rendered":"https:\/\/birthday-gifts-her.com\/sl\/?post_type=product&#038;p=7747"},"modified":"2026-03-23T09:40:40","modified_gmt":"2026-03-23T09:40:40","slug":"personalizirana-kljucavnica-najboljsi-prijatelj-vse-najboljse-najboljsemu-prijatelju-za-personalizacijo-ime-vek","status":"publish","type":"product","link":"https:\/\/birthday-gifts-her.com\/sl\/product\/personalizirana-kljucavnica-najboljsi-prijatelj-vse-najboljse-najboljsemu-prijatelju-za-personalizacijo-ime-vek\/","title":{"rendered":"Personalizirana Klju\u010davnica Najbolj\u0161i Prijatelj Vse najbolj\u0161e Najbolj\u0161emu Prijatelju &#8211; Za Personalizacijo (Ime\/Vek)"},"content":{"rendered":"","protected":false},"excerpt":{"rendered":"","protected":false},"featured_media":8254,"comment_status":"closed","ping_status":"closed","template":"","meta":[],"product_brand":[],"product_cat":[287,282],"product_tag":[],"class_list":{"0":"post-7747","1":"product","2":"type-product","3":"status-publish","4":"has-post-thumbnail","6":"product_cat-obeski-kljuce","7":"product_cat-za-prijatelje","9":"first","10":"instock","11":"taxable","12":"shipping-taxable","13":"purchasable","14":"product-type-simple"},"_links":{"self":[{"href":"https:\/\/birthday-gifts-her.com\/sl\/wp-json\/wp\/v2\/product\/7747","targetHints":{"allow":["GET"]}}],"collection":[{"href":"https:\/\/birthday-gifts-her.com\/sl\/wp-json\/wp\/v2\/product"}],"about":[{"href":"https:\/\/birthday-gifts-her.com\/sl\/wp-json\/wp\/v2\/types\/product"}],"replies":[{"embeddable":true,"href":"https:\/\/birthday-gifts-her.com\/sl\/wp-json\/wp\/v2\/comments?post=7747"}],"wp:featuredmedia":[{"embeddable":true,"href":"https:\/\/birthday-gifts-her.com\/sl\/wp-json\/wp\/v2\/media\/8254"}],"wp:attachment":[{"href":"https:\/\/birthday-gifts-her.com\/sl\/wp-json\/wp\/v2\/media?parent=7747"}],"wp:term":[{"taxonomy":"product_brand","embeddable":true,"href":"https:\/\/birthday-gifts-her.com\/sl\/wp-json\/wp\/v2\/product_brand?post=7747"},{"taxonomy":"product_cat","embeddable":true,"href":"https:\/\/birthday-gifts-her.com\/sl\/wp-json\/wp\/v2\/product_cat?post=7747"},{"taxonomy":"product_tag","embeddable":true,"href":"https:\/\/birthday-gifts-her.com\/sl\/wp-json\/wp\/v2\/product_tag?post=7747"}],"curies":[{"name":"wp","href":"https:\/\/api.w.org\/{rel}","templated":true}]}}