{"id":7446,"date":"2026-03-23T09:36:59","date_gmt":"2026-03-23T09:36:59","guid":{"rendered":"https:\/\/birthday-gifts-her.com\/sl\/?post_type=product&#038;p=7446"},"modified":"2026-03-23T09:38:58","modified_gmt":"2026-03-23T09:38:58","slug":"bozicni-kljucek-vesele-bozicne-mackice-za-prilagoditev","status":"publish","type":"product","link":"https:\/\/birthday-gifts-her.com\/sl\/product\/bozicni-kljucek-vesele-bozicne-mackice-za-prilagoditev\/","title":{"rendered":"Bo\u017ei\u010dni Klju\u010dek Vesele Bo\u017ei\u010dne Ma\u010dkice &#8211; Za prilagoditev"},"content":{"rendered":"","protected":false},"excerpt":{"rendered":"","protected":false},"featured_media":7958,"comment_status":"closed","ping_status":"closed","template":"","meta":[],"product_brand":[],"product_cat":[285,287],"product_tag":[],"class_list":{"0":"post-7446","1":"product","2":"type-product","3":"status-publish","4":"has-post-thumbnail","6":"product_cat-bozicna-darila","7":"product_cat-obeski-kljuce","9":"first","10":"instock","11":"taxable","12":"shipping-taxable","13":"purchasable","14":"product-type-simple"},"_links":{"self":[{"href":"https:\/\/birthday-gifts-her.com\/sl\/wp-json\/wp\/v2\/product\/7446","targetHints":{"allow":["GET"]}}],"collection":[{"href":"https:\/\/birthday-gifts-her.com\/sl\/wp-json\/wp\/v2\/product"}],"about":[{"href":"https:\/\/birthday-gifts-her.com\/sl\/wp-json\/wp\/v2\/types\/product"}],"replies":[{"embeddable":true,"href":"https:\/\/birthday-gifts-her.com\/sl\/wp-json\/wp\/v2\/comments?post=7446"}],"wp:featuredmedia":[{"embeddable":true,"href":"https:\/\/birthday-gifts-her.com\/sl\/wp-json\/wp\/v2\/media\/7958"}],"wp:attachment":[{"href":"https:\/\/birthday-gifts-her.com\/sl\/wp-json\/wp\/v2\/media?parent=7446"}],"wp:term":[{"taxonomy":"product_brand","embeddable":true,"href":"https:\/\/birthday-gifts-her.com\/sl\/wp-json\/wp\/v2\/product_brand?post=7446"},{"taxonomy":"product_cat","embeddable":true,"href":"https:\/\/birthday-gifts-her.com\/sl\/wp-json\/wp\/v2\/product_cat?post=7446"},{"taxonomy":"product_tag","embeddable":true,"href":"https:\/\/birthday-gifts-her.com\/sl\/wp-json\/wp\/v2\/product_tag?post=7446"}],"curies":[{"name":"wp","href":"https:\/\/api.w.org\/{rel}","templated":true}]}}