{"id":7432,"date":"2026-03-23T09:36:56","date_gmt":"2026-03-23T09:36:56","guid":{"rendered":"https:\/\/birthday-gifts-her.com\/sl\/?post_type=product&#038;p=7432"},"modified":"2026-03-23T09:38:54","modified_gmt":"2026-03-23T09:38:54","slug":"bozicni-kljucavnica-vesel-bozic-moja-necakinja-prilagodi","status":"publish","type":"product","link":"https:\/\/birthday-gifts-her.com\/sl\/product\/bozicni-kljucavnica-vesel-bozic-moja-necakinja-prilagodi\/","title":{"rendered":"Bo\u017ei\u010dni klju\u010davnica Vesel bo\u017ei\u010d moja ne\u010dakinja &#8211; Prilagodi"},"content":{"rendered":"","protected":false},"excerpt":{"rendered":"","protected":false},"featured_media":7945,"comment_status":"closed","ping_status":"closed","template":"","meta":[],"product_brand":[],"product_cat":[285,287],"product_tag":[],"class_list":{"0":"post-7432","1":"product","2":"type-product","3":"status-publish","4":"has-post-thumbnail","6":"product_cat-bozicna-darila","7":"product_cat-obeski-kljuce","9":"first","10":"instock","11":"taxable","12":"shipping-taxable","13":"purchasable","14":"product-type-simple"},"_links":{"self":[{"href":"https:\/\/birthday-gifts-her.com\/sl\/wp-json\/wp\/v2\/product\/7432","targetHints":{"allow":["GET"]}}],"collection":[{"href":"https:\/\/birthday-gifts-her.com\/sl\/wp-json\/wp\/v2\/product"}],"about":[{"href":"https:\/\/birthday-gifts-her.com\/sl\/wp-json\/wp\/v2\/types\/product"}],"replies":[{"embeddable":true,"href":"https:\/\/birthday-gifts-her.com\/sl\/wp-json\/wp\/v2\/comments?post=7432"}],"wp:featuredmedia":[{"embeddable":true,"href":"https:\/\/birthday-gifts-her.com\/sl\/wp-json\/wp\/v2\/media\/7945"}],"wp:attachment":[{"href":"https:\/\/birthday-gifts-her.com\/sl\/wp-json\/wp\/v2\/media?parent=7432"}],"wp:term":[{"taxonomy":"product_brand","embeddable":true,"href":"https:\/\/birthday-gifts-her.com\/sl\/wp-json\/wp\/v2\/product_brand?post=7432"},{"taxonomy":"product_cat","embeddable":true,"href":"https:\/\/birthday-gifts-her.com\/sl\/wp-json\/wp\/v2\/product_cat?post=7432"},{"taxonomy":"product_tag","embeddable":true,"href":"https:\/\/birthday-gifts-her.com\/sl\/wp-json\/wp\/v2\/product_tag?post=7432"}],"curies":[{"name":"wp","href":"https:\/\/api.w.org\/{rel}","templated":true}]}}