{"id":7420,"date":"2026-03-23T09:36:54","date_gmt":"2026-03-23T09:36:54","guid":{"rendered":"https:\/\/birthday-gifts-her.com\/sl\/?post_type=product&#038;p=7420"},"modified":"2026-03-23T09:38:50","modified_gmt":"2026-03-23T09:38:50","slug":"kljucna-veriga-vesel-bozic-moj-sodelavec-osebno-prilagodljivo","status":"publish","type":"product","link":"https:\/\/birthday-gifts-her.com\/sl\/product\/kljucna-veriga-vesel-bozic-moj-sodelavec-osebno-prilagodljivo\/","title":{"rendered":"Klju\u010dna veriga Vesel bo\u017ei\u010d moj sodelavec &#8211; Osebno prilagodljivo"},"content":{"rendered":"","protected":false},"excerpt":{"rendered":"","protected":false},"featured_media":7933,"comment_status":"closed","ping_status":"closed","template":"","meta":[],"product_brand":[],"product_cat":[285,287],"product_tag":[],"class_list":{"0":"post-7420","1":"product","2":"type-product","3":"status-publish","4":"has-post-thumbnail","6":"product_cat-bozicna-darila","7":"product_cat-obeski-kljuce","9":"first","10":"instock","11":"taxable","12":"shipping-taxable","13":"purchasable","14":"product-type-simple"},"_links":{"self":[{"href":"https:\/\/birthday-gifts-her.com\/sl\/wp-json\/wp\/v2\/product\/7420","targetHints":{"allow":["GET"]}}],"collection":[{"href":"https:\/\/birthday-gifts-her.com\/sl\/wp-json\/wp\/v2\/product"}],"about":[{"href":"https:\/\/birthday-gifts-her.com\/sl\/wp-json\/wp\/v2\/types\/product"}],"replies":[{"embeddable":true,"href":"https:\/\/birthday-gifts-her.com\/sl\/wp-json\/wp\/v2\/comments?post=7420"}],"wp:featuredmedia":[{"embeddable":true,"href":"https:\/\/birthday-gifts-her.com\/sl\/wp-json\/wp\/v2\/media\/7933"}],"wp:attachment":[{"href":"https:\/\/birthday-gifts-her.com\/sl\/wp-json\/wp\/v2\/media?parent=7420"}],"wp:term":[{"taxonomy":"product_brand","embeddable":true,"href":"https:\/\/birthday-gifts-her.com\/sl\/wp-json\/wp\/v2\/product_brand?post=7420"},{"taxonomy":"product_cat","embeddable":true,"href":"https:\/\/birthday-gifts-her.com\/sl\/wp-json\/wp\/v2\/product_cat?post=7420"},{"taxonomy":"product_tag","embeddable":true,"href":"https:\/\/birthday-gifts-her.com\/sl\/wp-json\/wp\/v2\/product_tag?post=7420"}],"curies":[{"name":"wp","href":"https:\/\/api.w.org\/{rel}","templated":true}]}}