{"id":7854,"date":"2026-03-23T09:25:42","date_gmt":"2026-03-23T09:25:42","guid":{"rendered":"https:\/\/birthday-gifts-her.com\/sk\/?post_type=product&#038;p=7854"},"modified":"2026-03-23T09:36:07","modified_gmt":"2026-03-23T09:36:07","slug":"nastavitelny-naramok-pre-moju-vnucku-s-otvorenym-srdcom-personalizovana-karta-pre-vnucku","status":"publish","type":"product","link":"https:\/\/birthday-gifts-her.com\/sk\/product\/nastavitelny-naramok-pre-moju-vnucku-s-otvorenym-srdcom-personalizovana-karta-pre-vnucku\/","title":{"rendered":"Nastavite\u013en\u00fd N\u00e1ramok pre Moju Vnu\u010dku s Otvoren\u00fdm Srdcom + Personalizovan\u00e1 Karta pre Vnu\u010dku"},"content":{"rendered":"","protected":false},"excerpt":{"rendered":"","protected":false},"featured_media":8361,"comment_status":"closed","ping_status":"closed","template":"","meta":[],"product_brand":[],"product_cat":[289,280],"product_tag":[],"class_list":{"0":"post-7854","1":"product","2":"type-product","3":"status-publish","4":"has-post-thumbnail","6":"product_cat-naramky","7":"product_cat-pre-nu","9":"first","10":"instock","11":"taxable","12":"shipping-taxable","13":"purchasable","14":"product-type-variable"},"_links":{"self":[{"href":"https:\/\/birthday-gifts-her.com\/sk\/wp-json\/wp\/v2\/product\/7854","targetHints":{"allow":["GET"]}}],"collection":[{"href":"https:\/\/birthday-gifts-her.com\/sk\/wp-json\/wp\/v2\/product"}],"about":[{"href":"https:\/\/birthday-gifts-her.com\/sk\/wp-json\/wp\/v2\/types\/product"}],"replies":[{"embeddable":true,"href":"https:\/\/birthday-gifts-her.com\/sk\/wp-json\/wp\/v2\/comments?post=7854"}],"wp:featuredmedia":[{"embeddable":true,"href":"https:\/\/birthday-gifts-her.com\/sk\/wp-json\/wp\/v2\/media\/8361"}],"wp:attachment":[{"href":"https:\/\/birthday-gifts-her.com\/sk\/wp-json\/wp\/v2\/media?parent=7854"}],"wp:term":[{"taxonomy":"product_brand","embeddable":true,"href":"https:\/\/birthday-gifts-her.com\/sk\/wp-json\/wp\/v2\/product_brand?post=7854"},{"taxonomy":"product_cat","embeddable":true,"href":"https:\/\/birthday-gifts-her.com\/sk\/wp-json\/wp\/v2\/product_cat?post=7854"},{"taxonomy":"product_tag","embeddable":true,"href":"https:\/\/birthday-gifts-her.com\/sk\/wp-json\/wp\/v2\/product_tag?post=7854"}],"curies":[{"name":"wp","href":"https:\/\/api.w.org\/{rel}","templated":true}]}}