{"id":7850,"date":"2026-03-23T09:25:41","date_gmt":"2026-03-23T09:25:41","guid":{"rendered":"https:\/\/birthday-gifts-her.com\/sk\/?post_type=product&#038;p=7850"},"modified":"2026-03-23T09:36:06","modified_gmt":"2026-03-23T09:36:06","slug":"personalizovany-nastavitelny-naramok-pre-mojho-zata","status":"publish","type":"product","link":"https:\/\/birthday-gifts-her.com\/sk\/product\/personalizovany-nastavitelny-naramok-pre-mojho-zata\/","title":{"rendered":"Personalizovan\u00fd nastavite\u013en\u00fd n\u00e1ramok pre m\u00f4jho za\u0165a"},"content":{"rendered":"","protected":false},"excerpt":{"rendered":"","protected":false},"featured_media":8357,"comment_status":"closed","ping_status":"closed","template":"","meta":[],"product_brand":[],"product_cat":[289,281],"product_tag":[],"class_list":{"0":"post-7850","1":"product","2":"type-product","3":"status-publish","4":"has-post-thumbnail","6":"product_cat-naramky","7":"product_cat-pre-neho","9":"first","10":"instock","11":"taxable","12":"shipping-taxable","13":"purchasable","14":"product-type-variable"},"_links":{"self":[{"href":"https:\/\/birthday-gifts-her.com\/sk\/wp-json\/wp\/v2\/product\/7850","targetHints":{"allow":["GET"]}}],"collection":[{"href":"https:\/\/birthday-gifts-her.com\/sk\/wp-json\/wp\/v2\/product"}],"about":[{"href":"https:\/\/birthday-gifts-her.com\/sk\/wp-json\/wp\/v2\/types\/product"}],"replies":[{"embeddable":true,"href":"https:\/\/birthday-gifts-her.com\/sk\/wp-json\/wp\/v2\/comments?post=7850"}],"wp:featuredmedia":[{"embeddable":true,"href":"https:\/\/birthday-gifts-her.com\/sk\/wp-json\/wp\/v2\/media\/8357"}],"wp:attachment":[{"href":"https:\/\/birthday-gifts-her.com\/sk\/wp-json\/wp\/v2\/media?parent=7850"}],"wp:term":[{"taxonomy":"product_brand","embeddable":true,"href":"https:\/\/birthday-gifts-her.com\/sk\/wp-json\/wp\/v2\/product_brand?post=7850"},{"taxonomy":"product_cat","embeddable":true,"href":"https:\/\/birthday-gifts-her.com\/sk\/wp-json\/wp\/v2\/product_cat?post=7850"},{"taxonomy":"product_tag","embeddable":true,"href":"https:\/\/birthday-gifts-her.com\/sk\/wp-json\/wp\/v2\/product_tag?post=7850"}],"curies":[{"name":"wp","href":"https:\/\/api.w.org\/{rel}","templated":true}]}}