{"id":7836,"date":"2026-03-23T09:25:39","date_gmt":"2026-03-23T09:25:39","guid":{"rendered":"https:\/\/birthday-gifts-her.com\/sk\/?post_type=product&#038;p=7836"},"modified":"2026-03-23T09:28:25","modified_gmt":"2026-03-23T09:28:25","slug":"originalny-klucovy-drzitel-oznamenie-krstneho-oca-chces-byt-mojim-krstnym-otcom","status":"publish","type":"product","link":"https:\/\/birthday-gifts-her.com\/sk\/product\/originalny-klucovy-drzitel-oznamenie-krstneho-oca-chces-byt-mojim-krstnym-otcom\/","title":{"rendered":"Origin\u00e1lny K\u013e\u00fa\u010dov\u00fd Dr\u017eite\u013e Ozn\u00e1menie Krstn\u00e9ho Oca: Chce\u0161 by\u0165 moj\u00edm Krstn\u00fdm Otcom"},"content":{"rendered":"","protected":false},"excerpt":{"rendered":"","protected":false},"featured_media":8343,"comment_status":"closed","ping_status":"closed","template":"","meta":[],"product_brand":[],"product_cat":[287,281],"product_tag":[],"class_list":{"0":"post-7836","1":"product","2":"type-product","3":"status-publish","4":"has-post-thumbnail","6":"product_cat-klucenky","7":"product_cat-pre-neho","9":"first","10":"instock","11":"taxable","12":"shipping-taxable","13":"purchasable","14":"product-type-simple"},"_links":{"self":[{"href":"https:\/\/birthday-gifts-her.com\/sk\/wp-json\/wp\/v2\/product\/7836","targetHints":{"allow":["GET"]}}],"collection":[{"href":"https:\/\/birthday-gifts-her.com\/sk\/wp-json\/wp\/v2\/product"}],"about":[{"href":"https:\/\/birthday-gifts-her.com\/sk\/wp-json\/wp\/v2\/types\/product"}],"replies":[{"embeddable":true,"href":"https:\/\/birthday-gifts-her.com\/sk\/wp-json\/wp\/v2\/comments?post=7836"}],"wp:featuredmedia":[{"embeddable":true,"href":"https:\/\/birthday-gifts-her.com\/sk\/wp-json\/wp\/v2\/media\/8343"}],"wp:attachment":[{"href":"https:\/\/birthday-gifts-her.com\/sk\/wp-json\/wp\/v2\/media?parent=7836"}],"wp:term":[{"taxonomy":"product_brand","embeddable":true,"href":"https:\/\/birthday-gifts-her.com\/sk\/wp-json\/wp\/v2\/product_brand?post=7836"},{"taxonomy":"product_cat","embeddable":true,"href":"https:\/\/birthday-gifts-her.com\/sk\/wp-json\/wp\/v2\/product_cat?post=7836"},{"taxonomy":"product_tag","embeddable":true,"href":"https:\/\/birthday-gifts-her.com\/sk\/wp-json\/wp\/v2\/product_tag?post=7836"}],"curies":[{"name":"wp","href":"https:\/\/api.w.org\/{rel}","templated":true}]}}