{"id":7826,"date":"2026-03-23T09:25:36","date_gmt":"2026-03-23T09:25:36","guid":{"rendered":"https:\/\/birthday-gifts-her.com\/sk\/?post_type=product&#038;p=7826"},"modified":"2026-03-23T09:36:05","modified_gmt":"2026-03-23T09:36:05","slug":"regulovatelny-naramok-pre-krstneho-syna-proti-vsetkym-sanciam-personalizovana-karta-pre-krstneho-syna","status":"publish","type":"product","link":"https:\/\/birthday-gifts-her.com\/sk\/product\/regulovatelny-naramok-pre-krstneho-syna-proti-vsetkym-sanciam-personalizovana-karta-pre-krstneho-syna\/","title":{"rendered":"Regulovate\u013en\u00fd n\u00e1ramok pre krstn\u00e9ho syna &#8222;Proti V\u0161etk\u00fdm \u0160anciam&#8220; + personalizovan\u00e1 karta pre krstn\u00e9ho syna"},"content":{"rendered":"","protected":false},"excerpt":{"rendered":"","protected":false},"featured_media":8333,"comment_status":"closed","ping_status":"closed","template":"","meta":[],"product_brand":[],"product_cat":[289,281],"product_tag":[],"class_list":{"0":"post-7826","1":"product","2":"type-product","3":"status-publish","4":"has-post-thumbnail","6":"product_cat-naramky","7":"product_cat-pre-neho","9":"first","10":"instock","11":"taxable","12":"shipping-taxable","13":"purchasable","14":"product-type-variable"},"_links":{"self":[{"href":"https:\/\/birthday-gifts-her.com\/sk\/wp-json\/wp\/v2\/product\/7826","targetHints":{"allow":["GET"]}}],"collection":[{"href":"https:\/\/birthday-gifts-her.com\/sk\/wp-json\/wp\/v2\/product"}],"about":[{"href":"https:\/\/birthday-gifts-her.com\/sk\/wp-json\/wp\/v2\/types\/product"}],"replies":[{"embeddable":true,"href":"https:\/\/birthday-gifts-her.com\/sk\/wp-json\/wp\/v2\/comments?post=7826"}],"wp:featuredmedia":[{"embeddable":true,"href":"https:\/\/birthday-gifts-her.com\/sk\/wp-json\/wp\/v2\/media\/8333"}],"wp:attachment":[{"href":"https:\/\/birthday-gifts-her.com\/sk\/wp-json\/wp\/v2\/media?parent=7826"}],"wp:term":[{"taxonomy":"product_brand","embeddable":true,"href":"https:\/\/birthday-gifts-her.com\/sk\/wp-json\/wp\/v2\/product_brand?post=7826"},{"taxonomy":"product_cat","embeddable":true,"href":"https:\/\/birthday-gifts-her.com\/sk\/wp-json\/wp\/v2\/product_cat?post=7826"},{"taxonomy":"product_tag","embeddable":true,"href":"https:\/\/birthday-gifts-her.com\/sk\/wp-json\/wp\/v2\/product_tag?post=7826"}],"curies":[{"name":"wp","href":"https:\/\/api.w.org\/{rel}","templated":true}]}}