{"id":7820,"date":"2026-03-23T09:25:35","date_gmt":"2026-03-23T09:25:35","guid":{"rendered":"https:\/\/birthday-gifts-her.com\/sk\/?post_type=product&#038;p=7820"},"modified":"2026-03-23T09:36:04","modified_gmt":"2026-03-23T09:36:04","slug":"nastavitelny-naramok-pre-mojho-vnuka-tvoja-mala-hvezda-personalizovana-karta-vnuk","status":"publish","type":"product","link":"https:\/\/birthday-gifts-her.com\/sk\/product\/nastavitelny-naramok-pre-mojho-vnuka-tvoja-mala-hvezda-personalizovana-karta-vnuk\/","title":{"rendered":"Nastavite\u013en\u00fd N\u00e1ramok pre M\u00f4jho Vnuka Tvoja Mal\u00e1 Hv\u011bzda + Personalizovan\u00e1 Karta Vnuk"},"content":{"rendered":"","protected":false},"excerpt":{"rendered":"","protected":false},"featured_media":8327,"comment_status":"closed","ping_status":"closed","template":"","meta":[],"product_brand":[],"product_cat":[289,281],"product_tag":[],"class_list":{"0":"post-7820","1":"product","2":"type-product","3":"status-publish","4":"has-post-thumbnail","6":"product_cat-naramky","7":"product_cat-pre-neho","9":"first","10":"instock","11":"taxable","12":"shipping-taxable","13":"purchasable","14":"product-type-variable"},"_links":{"self":[{"href":"https:\/\/birthday-gifts-her.com\/sk\/wp-json\/wp\/v2\/product\/7820","targetHints":{"allow":["GET"]}}],"collection":[{"href":"https:\/\/birthday-gifts-her.com\/sk\/wp-json\/wp\/v2\/product"}],"about":[{"href":"https:\/\/birthday-gifts-her.com\/sk\/wp-json\/wp\/v2\/types\/product"}],"replies":[{"embeddable":true,"href":"https:\/\/birthday-gifts-her.com\/sk\/wp-json\/wp\/v2\/comments?post=7820"}],"wp:featuredmedia":[{"embeddable":true,"href":"https:\/\/birthday-gifts-her.com\/sk\/wp-json\/wp\/v2\/media\/8327"}],"wp:attachment":[{"href":"https:\/\/birthday-gifts-her.com\/sk\/wp-json\/wp\/v2\/media?parent=7820"}],"wp:term":[{"taxonomy":"product_brand","embeddable":true,"href":"https:\/\/birthday-gifts-her.com\/sk\/wp-json\/wp\/v2\/product_brand?post=7820"},{"taxonomy":"product_cat","embeddable":true,"href":"https:\/\/birthday-gifts-her.com\/sk\/wp-json\/wp\/v2\/product_cat?post=7820"},{"taxonomy":"product_tag","embeddable":true,"href":"https:\/\/birthday-gifts-her.com\/sk\/wp-json\/wp\/v2\/product_tag?post=7820"}],"curies":[{"name":"wp","href":"https:\/\/api.w.org\/{rel}","templated":true}]}}