{"id":7796,"date":"2026-03-23T09:25:31","date_gmt":"2026-03-23T09:25:31","guid":{"rendered":"https:\/\/birthday-gifts-her.com\/sk\/?post_type=product&#038;p=7796"},"modified":"2026-03-23T09:28:12","modified_gmt":"2026-03-23T09:28:12","slug":"klucovy-privesok-dakujem-dakujem-xxx-najlepsi-ucitel-yyy","status":"publish","type":"product","link":"https:\/\/birthday-gifts-her.com\/sk\/product\/klucovy-privesok-dakujem-dakujem-xxx-najlepsi-ucitel-yyy\/","title":{"rendered":"K\u013e\u00fa\u010dov\u00fd Pr\u00edvesok \u010eakujem &#8222;\u010eakujem XXX, najlep\u0161\u00ed u\u010dite\u013e YYY&#8220;"},"content":{"rendered":"","protected":false},"excerpt":{"rendered":"","protected":false},"featured_media":8303,"comment_status":"closed","ping_status":"closed","template":"","meta":[],"product_brand":[],"product_cat":[287,282],"product_tag":[],"class_list":{"0":"post-7796","1":"product","2":"type-product","3":"status-publish","4":"has-post-thumbnail","6":"product_cat-klucenky","7":"product_cat-pre-priatelov","9":"first","10":"instock","11":"taxable","12":"shipping-taxable","13":"purchasable","14":"product-type-simple"},"_links":{"self":[{"href":"https:\/\/birthday-gifts-her.com\/sk\/wp-json\/wp\/v2\/product\/7796","targetHints":{"allow":["GET"]}}],"collection":[{"href":"https:\/\/birthday-gifts-her.com\/sk\/wp-json\/wp\/v2\/product"}],"about":[{"href":"https:\/\/birthday-gifts-her.com\/sk\/wp-json\/wp\/v2\/types\/product"}],"replies":[{"embeddable":true,"href":"https:\/\/birthday-gifts-her.com\/sk\/wp-json\/wp\/v2\/comments?post=7796"}],"wp:featuredmedia":[{"embeddable":true,"href":"https:\/\/birthday-gifts-her.com\/sk\/wp-json\/wp\/v2\/media\/8303"}],"wp:attachment":[{"href":"https:\/\/birthday-gifts-her.com\/sk\/wp-json\/wp\/v2\/media?parent=7796"}],"wp:term":[{"taxonomy":"product_brand","embeddable":true,"href":"https:\/\/birthday-gifts-her.com\/sk\/wp-json\/wp\/v2\/product_brand?post=7796"},{"taxonomy":"product_cat","embeddable":true,"href":"https:\/\/birthday-gifts-her.com\/sk\/wp-json\/wp\/v2\/product_cat?post=7796"},{"taxonomy":"product_tag","embeddable":true,"href":"https:\/\/birthday-gifts-her.com\/sk\/wp-json\/wp\/v2\/product_tag?post=7796"}],"curies":[{"name":"wp","href":"https:\/\/api.w.org\/{rel}","templated":true}]}}