{"id":7793,"date":"2026-03-23T09:25:31","date_gmt":"2026-03-23T09:25:31","guid":{"rendered":"https:\/\/birthday-gifts-her.com\/sk\/?post_type=product&#038;p=7793"},"modified":"2026-03-23T09:36:03","modified_gmt":"2026-03-23T09:36:03","slug":"ajustovatelny-personalizovany-ruzovy-naramok-pre-krstnicu-pohladnica-pre-krstnicu","status":"publish","type":"product","link":"https:\/\/birthday-gifts-her.com\/sk\/product\/ajustovatelny-personalizovany-ruzovy-naramok-pre-krstnicu-pohladnica-pre-krstnicu\/","title":{"rendered":"Ajustovate\u013en\u00fd Personalizovan\u00fd Ru\u017eov\u00fd N\u00e1ramok pre Krstnicu + Poh\u013eadnica pre Krstnicu"},"content":{"rendered":"","protected":false},"excerpt":{"rendered":"","protected":false},"featured_media":8300,"comment_status":"closed","ping_status":"closed","template":"","meta":[],"product_brand":[],"product_cat":[289,280],"product_tag":[],"class_list":{"0":"post-7793","1":"product","2":"type-product","3":"status-publish","4":"has-post-thumbnail","6":"product_cat-naramky","7":"product_cat-pre-nu","9":"first","10":"instock","11":"taxable","12":"shipping-taxable","13":"purchasable","14":"product-type-variable"},"_links":{"self":[{"href":"https:\/\/birthday-gifts-her.com\/sk\/wp-json\/wp\/v2\/product\/7793","targetHints":{"allow":["GET"]}}],"collection":[{"href":"https:\/\/birthday-gifts-her.com\/sk\/wp-json\/wp\/v2\/product"}],"about":[{"href":"https:\/\/birthday-gifts-her.com\/sk\/wp-json\/wp\/v2\/types\/product"}],"replies":[{"embeddable":true,"href":"https:\/\/birthday-gifts-her.com\/sk\/wp-json\/wp\/v2\/comments?post=7793"}],"wp:featuredmedia":[{"embeddable":true,"href":"https:\/\/birthday-gifts-her.com\/sk\/wp-json\/wp\/v2\/media\/8300"}],"wp:attachment":[{"href":"https:\/\/birthday-gifts-her.com\/sk\/wp-json\/wp\/v2\/media?parent=7793"}],"wp:term":[{"taxonomy":"product_brand","embeddable":true,"href":"https:\/\/birthday-gifts-her.com\/sk\/wp-json\/wp\/v2\/product_brand?post=7793"},{"taxonomy":"product_cat","embeddable":true,"href":"https:\/\/birthday-gifts-her.com\/sk\/wp-json\/wp\/v2\/product_cat?post=7793"},{"taxonomy":"product_tag","embeddable":true,"href":"https:\/\/birthday-gifts-her.com\/sk\/wp-json\/wp\/v2\/product_tag?post=7793"}],"curies":[{"name":"wp","href":"https:\/\/api.w.org\/{rel}","templated":true}]}}