{"id":7721,"date":"2026-03-23T09:25:15","date_gmt":"2026-03-23T09:25:15","guid":{"rendered":"https:\/\/birthday-gifts-her.com\/sk\/?post_type=product&#038;p=7721"},"modified":"2026-03-23T09:27:47","modified_gmt":"2026-03-23T09:27:47","slug":"klucenka-stastne-narodeniny-xxx-30-rokov-prisposobte-meno","status":"publish","type":"product","link":"https:\/\/birthday-gifts-her.com\/sk\/product\/klucenka-stastne-narodeniny-xxx-30-rokov-prisposobte-meno\/","title":{"rendered":"K\u013e\u00fa\u010denka &#8222;\u0160\u0165astn\u00e9 narodeniny XXX 30 rokov&#8220; &#8211; Prisp\u00f4sobte meno"},"content":{"rendered":"","protected":false},"excerpt":{"rendered":"","protected":false},"featured_media":8228,"comment_status":"closed","ping_status":"closed","template":"","meta":[],"product_brand":[],"product_cat":[283,287],"product_tag":[],"class_list":{"0":"post-7721","1":"product","2":"type-product","3":"status-publish","4":"has-post-thumbnail","6":"product_cat-darcheky-narodeniny","7":"product_cat-klucenky","9":"first","10":"instock","11":"taxable","12":"shipping-taxable","13":"purchasable","14":"product-type-simple"},"_links":{"self":[{"href":"https:\/\/birthday-gifts-her.com\/sk\/wp-json\/wp\/v2\/product\/7721","targetHints":{"allow":["GET"]}}],"collection":[{"href":"https:\/\/birthday-gifts-her.com\/sk\/wp-json\/wp\/v2\/product"}],"about":[{"href":"https:\/\/birthday-gifts-her.com\/sk\/wp-json\/wp\/v2\/types\/product"}],"replies":[{"embeddable":true,"href":"https:\/\/birthday-gifts-her.com\/sk\/wp-json\/wp\/v2\/comments?post=7721"}],"wp:featuredmedia":[{"embeddable":true,"href":"https:\/\/birthday-gifts-her.com\/sk\/wp-json\/wp\/v2\/media\/8228"}],"wp:attachment":[{"href":"https:\/\/birthday-gifts-her.com\/sk\/wp-json\/wp\/v2\/media?parent=7721"}],"wp:term":[{"taxonomy":"product_brand","embeddable":true,"href":"https:\/\/birthday-gifts-her.com\/sk\/wp-json\/wp\/v2\/product_brand?post=7721"},{"taxonomy":"product_cat","embeddable":true,"href":"https:\/\/birthday-gifts-her.com\/sk\/wp-json\/wp\/v2\/product_cat?post=7721"},{"taxonomy":"product_tag","embeddable":true,"href":"https:\/\/birthday-gifts-her.com\/sk\/wp-json\/wp\/v2\/product_tag?post=7721"}],"curies":[{"name":"wp","href":"https:\/\/api.w.org\/{rel}","templated":true}]}}