{"id":7651,"date":"2026-03-23T09:24:57","date_gmt":"2026-03-23T09:24:57","guid":{"rendered":"https:\/\/birthday-gifts-her.com\/sk\/?post_type=product&#038;p=7651"},"modified":"2026-03-23T09:27:26","modified_gmt":"2026-03-23T09:27:26","slug":"personalizovan-klucenka-na-oznamenie-o-tehotenstve-teta","status":"publish","type":"product","link":"https:\/\/birthday-gifts-her.com\/sk\/product\/personalizovan-klucenka-na-oznamenie-o-tehotenstve-teta\/","title":{"rendered":"Personalizovan k\u013e\u00fa\u010denka na Ozn\u00e1menie o Tehotenstve Teta"},"content":{"rendered":"","protected":false},"excerpt":{"rendered":"","protected":false},"featured_media":8158,"comment_status":"closed","ping_status":"closed","template":"","meta":[],"product_brand":[],"product_cat":[287,280],"product_tag":[],"class_list":{"0":"post-7651","1":"product","2":"type-product","3":"status-publish","4":"has-post-thumbnail","6":"product_cat-klucenky","7":"product_cat-pre-nu","9":"first","10":"instock","11":"taxable","12":"shipping-taxable","13":"purchasable","14":"product-type-simple"},"_links":{"self":[{"href":"https:\/\/birthday-gifts-her.com\/sk\/wp-json\/wp\/v2\/product\/7651","targetHints":{"allow":["GET"]}}],"collection":[{"href":"https:\/\/birthday-gifts-her.com\/sk\/wp-json\/wp\/v2\/product"}],"about":[{"href":"https:\/\/birthday-gifts-her.com\/sk\/wp-json\/wp\/v2\/types\/product"}],"replies":[{"embeddable":true,"href":"https:\/\/birthday-gifts-her.com\/sk\/wp-json\/wp\/v2\/comments?post=7651"}],"wp:featuredmedia":[{"embeddable":true,"href":"https:\/\/birthday-gifts-her.com\/sk\/wp-json\/wp\/v2\/media\/8158"}],"wp:attachment":[{"href":"https:\/\/birthday-gifts-her.com\/sk\/wp-json\/wp\/v2\/media?parent=7651"}],"wp:term":[{"taxonomy":"product_brand","embeddable":true,"href":"https:\/\/birthday-gifts-her.com\/sk\/wp-json\/wp\/v2\/product_brand?post=7651"},{"taxonomy":"product_cat","embeddable":true,"href":"https:\/\/birthday-gifts-her.com\/sk\/wp-json\/wp\/v2\/product_cat?post=7651"},{"taxonomy":"product_tag","embeddable":true,"href":"https:\/\/birthday-gifts-her.com\/sk\/wp-json\/wp\/v2\/product_tag?post=7651"}],"curies":[{"name":"wp","href":"https:\/\/api.w.org\/{rel}","templated":true}]}}