{"id":7490,"date":"2026-03-23T09:24:26","date_gmt":"2026-03-23T09:24:26","guid":{"rendered":"https:\/\/birthday-gifts-her.com\/sk\/?post_type=product&#038;p=7490"},"modified":"2026-03-23T09:26:31","modified_gmt":"2026-03-23T09:26:31","slug":"personalizovan-darcekovy-vak-stastne-narodeniny","status":"publish","type":"product","link":"https:\/\/birthday-gifts-her.com\/sk\/product\/personalizovan-darcekovy-vak-stastne-narodeniny\/","title":{"rendered":"Personalizovan Dar\u010dekov\u00fd Vak \u0160\u0165astn\u00e9 Narodeniny"},"content":{"rendered":"","protected":false},"excerpt":{"rendered":"","protected":false},"featured_media":7998,"comment_status":"closed","ping_status":"closed","template":"","meta":[],"product_brand":[],"product_cat":[290,286],"product_tag":[],"class_list":{"0":"post-7490","1":"product","2":"type-product","3":"status-publish","4":"has-post-thumbnail","6":"product_cat-darcekove-sady","7":"product_cat-personalizovane-darcheky","9":"first","10":"instock","11":"taxable","12":"shipping-taxable","13":"purchasable","14":"product-type-simple"},"_links":{"self":[{"href":"https:\/\/birthday-gifts-her.com\/sk\/wp-json\/wp\/v2\/product\/7490","targetHints":{"allow":["GET"]}}],"collection":[{"href":"https:\/\/birthday-gifts-her.com\/sk\/wp-json\/wp\/v2\/product"}],"about":[{"href":"https:\/\/birthday-gifts-her.com\/sk\/wp-json\/wp\/v2\/types\/product"}],"replies":[{"embeddable":true,"href":"https:\/\/birthday-gifts-her.com\/sk\/wp-json\/wp\/v2\/comments?post=7490"}],"wp:featuredmedia":[{"embeddable":true,"href":"https:\/\/birthday-gifts-her.com\/sk\/wp-json\/wp\/v2\/media\/7998"}],"wp:attachment":[{"href":"https:\/\/birthday-gifts-her.com\/sk\/wp-json\/wp\/v2\/media?parent=7490"}],"wp:term":[{"taxonomy":"product_brand","embeddable":true,"href":"https:\/\/birthday-gifts-her.com\/sk\/wp-json\/wp\/v2\/product_brand?post=7490"},{"taxonomy":"product_cat","embeddable":true,"href":"https:\/\/birthday-gifts-her.com\/sk\/wp-json\/wp\/v2\/product_cat?post=7490"},{"taxonomy":"product_tag","embeddable":true,"href":"https:\/\/birthday-gifts-her.com\/sk\/wp-json\/wp\/v2\/product_tag?post=7490"}],"curies":[{"name":"wp","href":"https:\/\/api.w.org\/{rel}","templated":true}]}}