{"id":7463,"date":"2026-03-23T09:24:21","date_gmt":"2026-03-23T09:24:21","guid":{"rendered":"https:\/\/birthday-gifts-her.com\/sk\/?post_type=product&#038;p=7463"},"modified":"2026-03-23T09:26:22","modified_gmt":"2026-03-23T09:26:22","slug":"pohladnica-pre-moju-malu-dievcatko-babicka-dedo-pamataj-vzdy-ze","status":"publish","type":"product","link":"https:\/\/birthday-gifts-her.com\/sk\/product\/pohladnica-pre-moju-malu-dievcatko-babicka-dedo-pamataj-vzdy-ze\/","title":{"rendered":"Poh\u013eadnica pre Moju Mal\u00fa Diev\u010datko Babi\u010dka Dedo, Pam\u00e4taj V\u017edy, \u017de"},"content":{"rendered":"","protected":false},"excerpt":{"rendered":"","protected":false},"featured_media":0,"comment_status":"closed","ping_status":"closed","template":"","meta":[],"product_brand":[],"product_cat":[290,280],"product_tag":[],"class_list":{"0":"post-7463","1":"product","2":"type-product","3":"status-publish","5":"product_cat-darcekove-sady","6":"product_cat-pre-nu","8":"first","9":"instock","10":"taxable","11":"shipping-taxable","12":"purchasable","13":"product-type-simple"},"_links":{"self":[{"href":"https:\/\/birthday-gifts-her.com\/sk\/wp-json\/wp\/v2\/product\/7463","targetHints":{"allow":["GET"]}}],"collection":[{"href":"https:\/\/birthday-gifts-her.com\/sk\/wp-json\/wp\/v2\/product"}],"about":[{"href":"https:\/\/birthday-gifts-her.com\/sk\/wp-json\/wp\/v2\/types\/product"}],"replies":[{"embeddable":true,"href":"https:\/\/birthday-gifts-her.com\/sk\/wp-json\/wp\/v2\/comments?post=7463"}],"wp:attachment":[{"href":"https:\/\/birthday-gifts-her.com\/sk\/wp-json\/wp\/v2\/media?parent=7463"}],"wp:term":[{"taxonomy":"product_brand","embeddable":true,"href":"https:\/\/birthday-gifts-her.com\/sk\/wp-json\/wp\/v2\/product_brand?post=7463"},{"taxonomy":"product_cat","embeddable":true,"href":"https:\/\/birthday-gifts-her.com\/sk\/wp-json\/wp\/v2\/product_cat?post=7463"},{"taxonomy":"product_tag","embeddable":true,"href":"https:\/\/birthday-gifts-her.com\/sk\/wp-json\/wp\/v2\/product_tag?post=7463"}],"curies":[{"name":"wp","href":"https:\/\/api.w.org\/{rel}","templated":true}]}}