{"id":7458,"date":"2026-03-23T09:24:20","date_gmt":"2026-03-23T09:24:20","guid":{"rendered":"https:\/\/birthday-gifts-her.com\/sk\/?post_type=product&#038;p=7458"},"modified":"2026-03-23T09:35:49","modified_gmt":"2026-03-23T09:35:49","slug":"personalizovan-klucenka-batoh-jednorozec","status":"publish","type":"product","link":"https:\/\/birthday-gifts-her.com\/sk\/product\/personalizovan-klucenka-batoh-jednorozec\/","title":{"rendered":"Personalizovan K\u013e\u00fa\u010denka Batoh Jednoro\u017eec"},"content":{"rendered":"","protected":false},"excerpt":{"rendered":"","protected":false},"featured_media":7970,"comment_status":"closed","ping_status":"closed","template":"","meta":[],"product_brand":[],"product_cat":[287,286],"product_tag":[],"class_list":{"0":"post-7458","1":"product","2":"type-product","3":"status-publish","4":"has-post-thumbnail","6":"product_cat-klucenky","7":"product_cat-personalizovane-darcheky","9":"first","10":"instock","11":"taxable","12":"shipping-taxable","13":"purchasable","14":"product-type-variable"},"_links":{"self":[{"href":"https:\/\/birthday-gifts-her.com\/sk\/wp-json\/wp\/v2\/product\/7458","targetHints":{"allow":["GET"]}}],"collection":[{"href":"https:\/\/birthday-gifts-her.com\/sk\/wp-json\/wp\/v2\/product"}],"about":[{"href":"https:\/\/birthday-gifts-her.com\/sk\/wp-json\/wp\/v2\/types\/product"}],"replies":[{"embeddable":true,"href":"https:\/\/birthday-gifts-her.com\/sk\/wp-json\/wp\/v2\/comments?post=7458"}],"wp:featuredmedia":[{"embeddable":true,"href":"https:\/\/birthday-gifts-her.com\/sk\/wp-json\/wp\/v2\/media\/7970"}],"wp:attachment":[{"href":"https:\/\/birthday-gifts-her.com\/sk\/wp-json\/wp\/v2\/media?parent=7458"}],"wp:term":[{"taxonomy":"product_brand","embeddable":true,"href":"https:\/\/birthday-gifts-her.com\/sk\/wp-json\/wp\/v2\/product_brand?post=7458"},{"taxonomy":"product_cat","embeddable":true,"href":"https:\/\/birthday-gifts-her.com\/sk\/wp-json\/wp\/v2\/product_cat?post=7458"},{"taxonomy":"product_tag","embeddable":true,"href":"https:\/\/birthday-gifts-her.com\/sk\/wp-json\/wp\/v2\/product_tag?post=7458"}],"curies":[{"name":"wp","href":"https:\/\/api.w.org\/{rel}","templated":true}]}}