{"id":7445,"date":"2026-03-23T09:24:17","date_gmt":"2026-03-23T09:24:17","guid":{"rendered":"https:\/\/birthday-gifts-her.com\/sk\/?post_type=product&#038;p=7445"},"modified":"2026-03-23T09:26:17","modified_gmt":"2026-03-23T09:26:17","slug":"velky-nahrdelnik-v-tvare-srdca-35cm-na-gravirovanie","status":"publish","type":"product","link":"https:\/\/birthday-gifts-her.com\/sk\/product\/velky-nahrdelnik-v-tvare-srdca-35cm-na-gravirovanie\/","title":{"rendered":"Ve\u013ek\u00fd N\u00e1hrdeln\u00edk v Tvare Srdca 3,5cm na Grav\u00edrovanie"},"content":{"rendered":"","protected":false},"excerpt":{"rendered":"","protected":false},"featured_media":0,"comment_status":"closed","ping_status":"closed","template":"","meta":[],"product_brand":[],"product_cat":[288,286],"product_tag":[],"class_list":{"0":"post-7445","1":"product","2":"type-product","3":"status-publish","5":"product_cat-nahrdelniky","6":"product_cat-personalizovane-darcheky","8":"first","9":"instock","10":"taxable","11":"shipping-taxable","12":"purchasable","13":"product-type-simple"},"_links":{"self":[{"href":"https:\/\/birthday-gifts-her.com\/sk\/wp-json\/wp\/v2\/product\/7445","targetHints":{"allow":["GET"]}}],"collection":[{"href":"https:\/\/birthday-gifts-her.com\/sk\/wp-json\/wp\/v2\/product"}],"about":[{"href":"https:\/\/birthday-gifts-her.com\/sk\/wp-json\/wp\/v2\/types\/product"}],"replies":[{"embeddable":true,"href":"https:\/\/birthday-gifts-her.com\/sk\/wp-json\/wp\/v2\/comments?post=7445"}],"wp:attachment":[{"href":"https:\/\/birthday-gifts-her.com\/sk\/wp-json\/wp\/v2\/media?parent=7445"}],"wp:term":[{"taxonomy":"product_brand","embeddable":true,"href":"https:\/\/birthday-gifts-her.com\/sk\/wp-json\/wp\/v2\/product_brand?post=7445"},{"taxonomy":"product_cat","embeddable":true,"href":"https:\/\/birthday-gifts-her.com\/sk\/wp-json\/wp\/v2\/product_cat?post=7445"},{"taxonomy":"product_tag","embeddable":true,"href":"https:\/\/birthday-gifts-her.com\/sk\/wp-json\/wp\/v2\/product_tag?post=7445"}],"curies":[{"name":"wp","href":"https:\/\/api.w.org\/{rel}","templated":true}]}}