{"id":7373,"date":"2026-03-23T09:23:58","date_gmt":"2026-03-23T09:23:58","guid":{"rendered":"https:\/\/birthday-gifts-her.com\/sk\/?post_type=product&#038;p=7373"},"modified":"2026-03-23T09:25:50","modified_gmt":"2026-03-23T09:25:50","slug":"personalizovany-nahrdelnik-pre-priatela-s-celym-mojim-uprimnym-priatelstvom","status":"publish","type":"product","link":"https:\/\/birthday-gifts-her.com\/sk\/product\/personalizovany-nahrdelnik-pre-priatela-s-celym-mojim-uprimnym-priatelstvom\/","title":{"rendered":"Personalizovan\u00fd N\u00e1hrdeln\u00edk pre Priate\u013ea &#8222;S cel\u00fdm moj\u00edm \u00faprimn\u00fdm priate\u013estvom&#8220;"},"content":{"rendered":"","protected":false},"excerpt":{"rendered":"","protected":false},"featured_media":7890,"comment_status":"closed","ping_status":"closed","template":"","meta":[],"product_brand":[],"product_cat":[288,282],"product_tag":[],"class_list":{"0":"post-7373","1":"product","2":"type-product","3":"status-publish","4":"has-post-thumbnail","6":"product_cat-nahrdelniky","7":"product_cat-pre-priatelov","9":"first","10":"instock","11":"taxable","12":"shipping-taxable","13":"purchasable","14":"product-type-simple"},"_links":{"self":[{"href":"https:\/\/birthday-gifts-her.com\/sk\/wp-json\/wp\/v2\/product\/7373","targetHints":{"allow":["GET"]}}],"collection":[{"href":"https:\/\/birthday-gifts-her.com\/sk\/wp-json\/wp\/v2\/product"}],"about":[{"href":"https:\/\/birthday-gifts-her.com\/sk\/wp-json\/wp\/v2\/types\/product"}],"replies":[{"embeddable":true,"href":"https:\/\/birthday-gifts-her.com\/sk\/wp-json\/wp\/v2\/comments?post=7373"}],"wp:featuredmedia":[{"embeddable":true,"href":"https:\/\/birthday-gifts-her.com\/sk\/wp-json\/wp\/v2\/media\/7890"}],"wp:attachment":[{"href":"https:\/\/birthday-gifts-her.com\/sk\/wp-json\/wp\/v2\/media?parent=7373"}],"wp:term":[{"taxonomy":"product_brand","embeddable":true,"href":"https:\/\/birthday-gifts-her.com\/sk\/wp-json\/wp\/v2\/product_brand?post=7373"},{"taxonomy":"product_cat","embeddable":true,"href":"https:\/\/birthday-gifts-her.com\/sk\/wp-json\/wp\/v2\/product_cat?post=7373"},{"taxonomy":"product_tag","embeddable":true,"href":"https:\/\/birthday-gifts-her.com\/sk\/wp-json\/wp\/v2\/product_tag?post=7373"}],"curies":[{"name":"wp","href":"https:\/\/api.w.org\/{rel}","templated":true}]}}