{"id":7820,"date":"2026-03-23T08:49:08","date_gmt":"2026-03-23T08:49:08","guid":{"rendered":"https:\/\/birthday-gifts-her.com\/ro\/?post_type=product&#038;p=7820"},"modified":"2026-03-23T08:59:09","modified_gmt":"2026-03-23T08:59:09","slug":"bratara-ajustabila-pentru-nepotul-meu-steaua-ta-mica-card-personalizat-nepot","status":"publish","type":"product","link":"https:\/\/birthday-gifts-her.com\/ro\/product\/bratara-ajustabila-pentru-nepotul-meu-steaua-ta-mica-card-personalizat-nepot\/","title":{"rendered":"Br\u0103\u021bar\u0103 Ajustabil\u0103 pentru Nepotul Meu Steaua Ta Mic\u0103 + Card Personalizat Nepot"},"content":{"rendered":"","protected":false},"excerpt":{"rendered":"","protected":false},"featured_media":8327,"comment_status":"closed","ping_status":"closed","template":"","meta":[],"product_brand":[],"product_cat":[289,281],"product_tag":[],"class_list":{"0":"post-7820","1":"product","2":"type-product","3":"status-publish","4":"has-post-thumbnail","6":"product_cat-bratari","7":"product_cat-pentru-el","9":"first","10":"instock","11":"taxable","12":"shipping-taxable","13":"purchasable","14":"product-type-variable"},"_links":{"self":[{"href":"https:\/\/birthday-gifts-her.com\/ro\/wp-json\/wp\/v2\/product\/7820","targetHints":{"allow":["GET"]}}],"collection":[{"href":"https:\/\/birthday-gifts-her.com\/ro\/wp-json\/wp\/v2\/product"}],"about":[{"href":"https:\/\/birthday-gifts-her.com\/ro\/wp-json\/wp\/v2\/types\/product"}],"replies":[{"embeddable":true,"href":"https:\/\/birthday-gifts-her.com\/ro\/wp-json\/wp\/v2\/comments?post=7820"}],"wp:featuredmedia":[{"embeddable":true,"href":"https:\/\/birthday-gifts-her.com\/ro\/wp-json\/wp\/v2\/media\/8327"}],"wp:attachment":[{"href":"https:\/\/birthday-gifts-her.com\/ro\/wp-json\/wp\/v2\/media?parent=7820"}],"wp:term":[{"taxonomy":"product_brand","embeddable":true,"href":"https:\/\/birthday-gifts-her.com\/ro\/wp-json\/wp\/v2\/product_brand?post=7820"},{"taxonomy":"product_cat","embeddable":true,"href":"https:\/\/birthday-gifts-her.com\/ro\/wp-json\/wp\/v2\/product_cat?post=7820"},{"taxonomy":"product_tag","embeddable":true,"href":"https:\/\/birthday-gifts-her.com\/ro\/wp-json\/wp\/v2\/product_tag?post=7820"}],"curies":[{"name":"wp","href":"https:\/\/api.w.org\/{rel}","templated":true}]}}