{"id":7637,"date":"2026-03-23T08:48:30","date_gmt":"2026-03-23T08:48:30","guid":{"rendered":"https:\/\/birthday-gifts-her.com\/ro\/?post_type=product&#038;p=7637"},"modified":"2026-03-23T08:59:08","modified_gmt":"2026-03-23T08:59:08","slug":"bratara-ajustabila-personalizata-pentru-nasa-si-fina-set-de-2","status":"publish","type":"product","link":"https:\/\/birthday-gifts-her.com\/ro\/product\/bratara-ajustabila-personalizata-pentru-nasa-si-fina-set-de-2\/","title":{"rendered":"Br\u0103\u021bar\u0103 ajustabil\u0103 personalizat\u0103 pentru Na\u0219a \u0219i Fin\u0103 &#8211; Set de 2"},"content":{"rendered":"","protected":false},"excerpt":{"rendered":"","protected":false},"featured_media":8144,"comment_status":"closed","ping_status":"closed","template":"","meta":[],"product_brand":[],"product_cat":[289,280],"product_tag":[],"class_list":{"0":"post-7637","1":"product","2":"type-product","3":"status-publish","4":"has-post-thumbnail","6":"product_cat-bratari","7":"product_cat-pentru-ea","9":"first","10":"instock","11":"taxable","12":"shipping-taxable","13":"purchasable","14":"product-type-variable"},"_links":{"self":[{"href":"https:\/\/birthday-gifts-her.com\/ro\/wp-json\/wp\/v2\/product\/7637","targetHints":{"allow":["GET"]}}],"collection":[{"href":"https:\/\/birthday-gifts-her.com\/ro\/wp-json\/wp\/v2\/product"}],"about":[{"href":"https:\/\/birthday-gifts-her.com\/ro\/wp-json\/wp\/v2\/types\/product"}],"replies":[{"embeddable":true,"href":"https:\/\/birthday-gifts-her.com\/ro\/wp-json\/wp\/v2\/comments?post=7637"}],"wp:featuredmedia":[{"embeddable":true,"href":"https:\/\/birthday-gifts-her.com\/ro\/wp-json\/wp\/v2\/media\/8144"}],"wp:attachment":[{"href":"https:\/\/birthday-gifts-her.com\/ro\/wp-json\/wp\/v2\/media?parent=7637"}],"wp:term":[{"taxonomy":"product_brand","embeddable":true,"href":"https:\/\/birthday-gifts-her.com\/ro\/wp-json\/wp\/v2\/product_brand?post=7637"},{"taxonomy":"product_cat","embeddable":true,"href":"https:\/\/birthday-gifts-her.com\/ro\/wp-json\/wp\/v2\/product_cat?post=7637"},{"taxonomy":"product_tag","embeddable":true,"href":"https:\/\/birthday-gifts-her.com\/ro\/wp-json\/wp\/v2\/product_tag?post=7637"}],"curies":[{"name":"wp","href":"https:\/\/api.w.org\/{rel}","templated":true}]}}