{"id":7627,"date":"2026-03-23T08:48:27","date_gmt":"2026-03-23T08:48:27","guid":{"rendered":"https:\/\/birthday-gifts-her.com\/ro\/?post_type=product&#038;p=7627"},"modified":"2026-03-23T08:50:54","modified_gmt":"2026-03-23T08:50:54","slug":"porte-cheie-pentru-cea-mai-buna-invatatoare","status":"publish","type":"product","link":"https:\/\/birthday-gifts-her.com\/ro\/product\/porte-cheie-pentru-cea-mai-buna-invatatoare\/","title":{"rendered":"Porte-cheie pentru Cea Mai Bun\u0103 \u00cenv\u0103\u021b\u0103toare"},"content":{"rendered":"","protected":false},"excerpt":{"rendered":"","protected":false},"featured_media":8134,"comment_status":"closed","ping_status":"closed","template":"","meta":[],"product_brand":[],"product_cat":[287,282],"product_tag":[],"class_list":{"0":"post-7627","1":"product","2":"type-product","3":"status-publish","4":"has-post-thumbnail","6":"product_cat-breloane","7":"product_cat-pentru-prieteni","9":"first","10":"instock","11":"taxable","12":"shipping-taxable","13":"purchasable","14":"product-type-simple"},"_links":{"self":[{"href":"https:\/\/birthday-gifts-her.com\/ro\/wp-json\/wp\/v2\/product\/7627","targetHints":{"allow":["GET"]}}],"collection":[{"href":"https:\/\/birthday-gifts-her.com\/ro\/wp-json\/wp\/v2\/product"}],"about":[{"href":"https:\/\/birthday-gifts-her.com\/ro\/wp-json\/wp\/v2\/types\/product"}],"replies":[{"embeddable":true,"href":"https:\/\/birthday-gifts-her.com\/ro\/wp-json\/wp\/v2\/comments?post=7627"}],"wp:featuredmedia":[{"embeddable":true,"href":"https:\/\/birthday-gifts-her.com\/ro\/wp-json\/wp\/v2\/media\/8134"}],"wp:attachment":[{"href":"https:\/\/birthday-gifts-her.com\/ro\/wp-json\/wp\/v2\/media?parent=7627"}],"wp:term":[{"taxonomy":"product_brand","embeddable":true,"href":"https:\/\/birthday-gifts-her.com\/ro\/wp-json\/wp\/v2\/product_brand?post=7627"},{"taxonomy":"product_cat","embeddable":true,"href":"https:\/\/birthday-gifts-her.com\/ro\/wp-json\/wp\/v2\/product_cat?post=7627"},{"taxonomy":"product_tag","embeddable":true,"href":"https:\/\/birthday-gifts-her.com\/ro\/wp-json\/wp\/v2\/product_tag?post=7627"}],"curies":[{"name":"wp","href":"https:\/\/api.w.org\/{rel}","templated":true}]}}