{"id":7841,"date":"2026-03-23T10:01:55","date_gmt":"2026-03-23T10:01:55","guid":{"rendered":"https:\/\/birthday-gifts-her.com\/pt\/?post_type=product&#038;p=7841"},"modified":"2026-03-23T10:12:26","modified_gmt":"2026-03-23T10:12:26","slug":"pulseira-ajustavel-para-meu-neto-sua-pequena-estrela-cartao-personalizado-para-neto-sempre-vou-cuidar-de-voce","status":"publish","type":"product","link":"https:\/\/birthday-gifts-her.com\/pt\/product\/pulseira-ajustavel-para-meu-neto-sua-pequena-estrela-cartao-personalizado-para-neto-sempre-vou-cuidar-de-voce\/","title":{"rendered":"Pulseira Ajust\u00e1vel para Meu Neto &#8211; Sua Pequena Estrela + Cart\u00e3o Personalizado para Neto &#8220;Sempre Vou Cuidar de Voc\u00ea&#8221;"},"content":{"rendered":"","protected":false},"excerpt":{"rendered":"","protected":false},"featured_media":8348,"comment_status":"closed","ping_status":"closed","template":"","meta":[],"product_brand":[],"product_cat":[281,289],"product_tag":[],"class_list":{"0":"post-7841","1":"product","2":"type-product","3":"status-publish","4":"has-post-thumbnail","6":"product_cat-para-ele","7":"product_cat-pulseiras","9":"first","10":"instock","11":"taxable","12":"shipping-taxable","13":"purchasable","14":"product-type-variable"},"_links":{"self":[{"href":"https:\/\/birthday-gifts-her.com\/pt\/wp-json\/wp\/v2\/product\/7841","targetHints":{"allow":["GET"]}}],"collection":[{"href":"https:\/\/birthday-gifts-her.com\/pt\/wp-json\/wp\/v2\/product"}],"about":[{"href":"https:\/\/birthday-gifts-her.com\/pt\/wp-json\/wp\/v2\/types\/product"}],"replies":[{"embeddable":true,"href":"https:\/\/birthday-gifts-her.com\/pt\/wp-json\/wp\/v2\/comments?post=7841"}],"wp:featuredmedia":[{"embeddable":true,"href":"https:\/\/birthday-gifts-her.com\/pt\/wp-json\/wp\/v2\/media\/8348"}],"wp:attachment":[{"href":"https:\/\/birthday-gifts-her.com\/pt\/wp-json\/wp\/v2\/media?parent=7841"}],"wp:term":[{"taxonomy":"product_brand","embeddable":true,"href":"https:\/\/birthday-gifts-her.com\/pt\/wp-json\/wp\/v2\/product_brand?post=7841"},{"taxonomy":"product_cat","embeddable":true,"href":"https:\/\/birthday-gifts-her.com\/pt\/wp-json\/wp\/v2\/product_cat?post=7841"},{"taxonomy":"product_tag","embeddable":true,"href":"https:\/\/birthday-gifts-her.com\/pt\/wp-json\/wp\/v2\/product_tag?post=7841"}],"curies":[{"name":"wp","href":"https:\/\/api.w.org\/{rel}","templated":true}]}}