{"id":7838,"date":"2026-03-23T10:01:54","date_gmt":"2026-03-23T10:01:54","guid":{"rendered":"https:\/\/birthday-gifts-her.com\/pt\/?post_type=product&#038;p=7838"},"modified":"2026-03-23T10:04:36","modified_gmt":"2026-03-23T10:04:36","slug":"colar-personalizado-com-arvore-da-vida-em-aco-inoxidavel-2-a-9-nomes","status":"publish","type":"product","link":"https:\/\/birthday-gifts-her.com\/pt\/product\/colar-personalizado-com-arvore-da-vida-em-aco-inoxidavel-2-a-9-nomes\/","title":{"rendered":"Colar Personalizado com \u00c1rvore da Vida em A\u00e7o Inoxid\u00e1vel &#8211; 2 a 9 Nomes"},"content":{"rendered":"","protected":false},"excerpt":{"rendered":"","protected":false},"featured_media":8345,"comment_status":"closed","ping_status":"closed","template":"","meta":[],"product_brand":[],"product_cat":[288,286],"product_tag":[],"class_list":{"0":"post-7838","1":"product","2":"type-product","3":"status-publish","4":"has-post-thumbnail","6":"product_cat-colares","7":"product_cat-presentes-personalizados","9":"first","10":"instock","11":"taxable","12":"shipping-taxable","13":"purchasable","14":"product-type-simple"},"_links":{"self":[{"href":"https:\/\/birthday-gifts-her.com\/pt\/wp-json\/wp\/v2\/product\/7838","targetHints":{"allow":["GET"]}}],"collection":[{"href":"https:\/\/birthday-gifts-her.com\/pt\/wp-json\/wp\/v2\/product"}],"about":[{"href":"https:\/\/birthday-gifts-her.com\/pt\/wp-json\/wp\/v2\/types\/product"}],"replies":[{"embeddable":true,"href":"https:\/\/birthday-gifts-her.com\/pt\/wp-json\/wp\/v2\/comments?post=7838"}],"wp:featuredmedia":[{"embeddable":true,"href":"https:\/\/birthday-gifts-her.com\/pt\/wp-json\/wp\/v2\/media\/8345"}],"wp:attachment":[{"href":"https:\/\/birthday-gifts-her.com\/pt\/wp-json\/wp\/v2\/media?parent=7838"}],"wp:term":[{"taxonomy":"product_brand","embeddable":true,"href":"https:\/\/birthday-gifts-her.com\/pt\/wp-json\/wp\/v2\/product_brand?post=7838"},{"taxonomy":"product_cat","embeddable":true,"href":"https:\/\/birthday-gifts-her.com\/pt\/wp-json\/wp\/v2\/product_cat?post=7838"},{"taxonomy":"product_tag","embeddable":true,"href":"https:\/\/birthday-gifts-her.com\/pt\/wp-json\/wp\/v2\/product_tag?post=7838"}],"curies":[{"name":"wp","href":"https:\/\/api.w.org\/{rel}","templated":true}]}}