{"id":7633,"date":"2026-03-23T10:01:13","date_gmt":"2026-03-23T10:01:13","guid":{"rendered":"https:\/\/birthday-gifts-her.com\/pt\/?post_type=product&#038;p=7633"},"modified":"2026-03-23T10:03:33","modified_gmt":"2026-03-23T10:03:33","slug":"pulseira-ajustavel-personalizada-para-avo-avo-do-amor","status":"publish","type":"product","link":"https:\/\/birthday-gifts-her.com\/pt\/product\/pulseira-ajustavel-personalizada-para-avo-avo-do-amor\/","title":{"rendered":"Pulseira Ajust\u00e1vel Personalizada para Av\u00f4 &#8211; Av\u00f4 do Amor"},"content":{"rendered":"","protected":false},"excerpt":{"rendered":"","protected":false},"featured_media":8140,"comment_status":"closed","ping_status":"closed","template":"","meta":[],"product_brand":[],"product_cat":[281,289],"product_tag":[],"class_list":{"0":"post-7633","1":"product","2":"type-product","3":"status-publish","4":"has-post-thumbnail","6":"product_cat-para-ele","7":"product_cat-pulseiras","9":"first","10":"instock","11":"taxable","12":"shipping-taxable","13":"purchasable","14":"product-type-simple"},"_links":{"self":[{"href":"https:\/\/birthday-gifts-her.com\/pt\/wp-json\/wp\/v2\/product\/7633","targetHints":{"allow":["GET"]}}],"collection":[{"href":"https:\/\/birthday-gifts-her.com\/pt\/wp-json\/wp\/v2\/product"}],"about":[{"href":"https:\/\/birthday-gifts-her.com\/pt\/wp-json\/wp\/v2\/types\/product"}],"replies":[{"embeddable":true,"href":"https:\/\/birthday-gifts-her.com\/pt\/wp-json\/wp\/v2\/comments?post=7633"}],"wp:featuredmedia":[{"embeddable":true,"href":"https:\/\/birthday-gifts-her.com\/pt\/wp-json\/wp\/v2\/media\/8140"}],"wp:attachment":[{"href":"https:\/\/birthday-gifts-her.com\/pt\/wp-json\/wp\/v2\/media?parent=7633"}],"wp:term":[{"taxonomy":"product_brand","embeddable":true,"href":"https:\/\/birthday-gifts-her.com\/pt\/wp-json\/wp\/v2\/product_brand?post=7633"},{"taxonomy":"product_cat","embeddable":true,"href":"https:\/\/birthday-gifts-her.com\/pt\/wp-json\/wp\/v2\/product_cat?post=7633"},{"taxonomy":"product_tag","embeddable":true,"href":"https:\/\/birthday-gifts-her.com\/pt\/wp-json\/wp\/v2\/product_tag?post=7633"}],"curies":[{"name":"wp","href":"https:\/\/api.w.org\/{rel}","templated":true}]}}