{"id":7474,"date":"2026-03-23T10:00:36","date_gmt":"2026-03-23T10:00:36","guid":{"rendered":"https:\/\/birthday-gifts-her.com\/pt\/?post_type=product&#038;p=7474"},"modified":"2026-03-23T10:12:13","modified_gmt":"2026-03-23T10:12:13","slug":"chaveiro-personalizado-para-homens-ofereca-uma-joia-unica-que-reflete-voce","status":"publish","type":"product","link":"https:\/\/birthday-gifts-her.com\/pt\/product\/chaveiro-personalizado-para-homens-ofereca-uma-joia-unica-que-reflete-voce\/","title":{"rendered":"Chaveiro Personalizado para Homens &#8211; Ofere\u00e7a uma joia \u00fanica que reflete voc\u00ea"},"content":{"rendered":"","protected":false},"excerpt":{"rendered":"","protected":false},"featured_media":7982,"comment_status":"closed","ping_status":"closed","template":"","meta":[],"product_brand":[],"product_cat":[281,287],"product_tag":[],"class_list":{"0":"post-7474","1":"product","2":"type-product","3":"status-publish","4":"has-post-thumbnail","6":"product_cat-para-ele","7":"product_cat-porta-chaves","9":"first","10":"instock","11":"sale","12":"taxable","13":"shipping-taxable","14":"purchasable","15":"product-type-variable"},"_links":{"self":[{"href":"https:\/\/birthday-gifts-her.com\/pt\/wp-json\/wp\/v2\/product\/7474","targetHints":{"allow":["GET"]}}],"collection":[{"href":"https:\/\/birthday-gifts-her.com\/pt\/wp-json\/wp\/v2\/product"}],"about":[{"href":"https:\/\/birthday-gifts-her.com\/pt\/wp-json\/wp\/v2\/types\/product"}],"replies":[{"embeddable":true,"href":"https:\/\/birthday-gifts-her.com\/pt\/wp-json\/wp\/v2\/comments?post=7474"}],"wp:featuredmedia":[{"embeddable":true,"href":"https:\/\/birthday-gifts-her.com\/pt\/wp-json\/wp\/v2\/media\/7982"}],"wp:attachment":[{"href":"https:\/\/birthday-gifts-her.com\/pt\/wp-json\/wp\/v2\/media?parent=7474"}],"wp:term":[{"taxonomy":"product_brand","embeddable":true,"href":"https:\/\/birthday-gifts-her.com\/pt\/wp-json\/wp\/v2\/product_brand?post=7474"},{"taxonomy":"product_cat","embeddable":true,"href":"https:\/\/birthday-gifts-her.com\/pt\/wp-json\/wp\/v2\/product_cat?post=7474"},{"taxonomy":"product_tag","embeddable":true,"href":"https:\/\/birthday-gifts-her.com\/pt\/wp-json\/wp\/v2\/product_tag?post=7474"}],"curies":[{"name":"wp","href":"https:\/\/api.w.org\/{rel}","templated":true}]}}