{"id":7391,"date":"2026-03-23T10:00:17","date_gmt":"2026-03-23T10:00:17","guid":{"rendered":"https:\/\/birthday-gifts-her.com\/pt\/?post_type=product&#038;p=7391"},"modified":"2026-03-23T10:12:10","modified_gmt":"2026-03-23T10:12:10","slug":"pulseira-ajustavel-com-coracao-aberto-para-minha-filha-cartao-personalizado-para-minha-filha","status":"publish","type":"product","link":"https:\/\/birthday-gifts-her.com\/pt\/product\/pulseira-ajustavel-com-coracao-aberto-para-minha-filha-cartao-personalizado-para-minha-filha\/","title":{"rendered":"Pulseira Ajust\u00e1vel com Cora\u00e7\u00e3o Aberto para Minha Filha + Cart\u00e3o Personalizado para Minha Filha"},"content":{"rendered":"","protected":false},"excerpt":{"rendered":"","protected":false},"featured_media":7908,"comment_status":"closed","ping_status":"closed","template":"","meta":[],"product_brand":[],"product_cat":[280,289],"product_tag":[],"class_list":{"0":"post-7391","1":"product","2":"type-product","3":"status-publish","4":"has-post-thumbnail","6":"product_cat-para-ela","7":"product_cat-pulseiras","9":"first","10":"instock","11":"taxable","12":"shipping-taxable","13":"purchasable","14":"product-type-variable"},"_links":{"self":[{"href":"https:\/\/birthday-gifts-her.com\/pt\/wp-json\/wp\/v2\/product\/7391","targetHints":{"allow":["GET"]}}],"collection":[{"href":"https:\/\/birthday-gifts-her.com\/pt\/wp-json\/wp\/v2\/product"}],"about":[{"href":"https:\/\/birthday-gifts-her.com\/pt\/wp-json\/wp\/v2\/types\/product"}],"replies":[{"embeddable":true,"href":"https:\/\/birthday-gifts-her.com\/pt\/wp-json\/wp\/v2\/comments?post=7391"}],"wp:featuredmedia":[{"embeddable":true,"href":"https:\/\/birthday-gifts-her.com\/pt\/wp-json\/wp\/v2\/media\/7908"}],"wp:attachment":[{"href":"https:\/\/birthday-gifts-her.com\/pt\/wp-json\/wp\/v2\/media?parent=7391"}],"wp:term":[{"taxonomy":"product_brand","embeddable":true,"href":"https:\/\/birthday-gifts-her.com\/pt\/wp-json\/wp\/v2\/product_brand?post=7391"},{"taxonomy":"product_cat","embeddable":true,"href":"https:\/\/birthday-gifts-her.com\/pt\/wp-json\/wp\/v2\/product_cat?post=7391"},{"taxonomy":"product_tag","embeddable":true,"href":"https:\/\/birthday-gifts-her.com\/pt\/wp-json\/wp\/v2\/product_tag?post=7391"}],"curies":[{"name":"wp","href":"https:\/\/api.w.org\/{rel}","templated":true}]}}