{"id":8323,"date":"2026-03-25T21:39:25","date_gmt":"2026-03-25T21:39:25","guid":{"rendered":"https:\/\/birthday-gifts-her.com\/pl\/?post_type=product&#038;p=8323"},"modified":"2026-03-25T21:47:39","modified_gmt":"2026-03-25T21:47:39","slug":"regulowany-bransoletka-dla-mojej-wnuczki-twoja-mala-gwiazdka-spersonalizowana-kartka-dla-dziewczynki-zawsze-bede-na-ciebie-czuwal","status":"publish","type":"product","link":"https:\/\/birthday-gifts-her.com\/pl\/product\/regulowany-bransoletka-dla-mojej-wnuczki-twoja-mala-gwiazdka-spersonalizowana-kartka-dla-dziewczynki-zawsze-bede-na-ciebie-czuwal\/","title":{"rendered":"Regulowany bransoletka dla mojej Wnuczki Twoja Ma\u0142a Gwiazdka + Spersonalizowana Kartka dla Dziewczynki &#8222;Zawsze b\u0119d\u0119 na ciebie czuwa\u0142&#8221;"},"content":{"rendered":"","protected":false},"excerpt":{"rendered":"","protected":false},"featured_media":8830,"comment_status":"closed","ping_status":"closed","template":"","meta":[],"product_brand":[],"product_cat":[288,279],"product_tag":[],"class_list":{"0":"post-8323","1":"product","2":"type-product","3":"status-publish","4":"has-post-thumbnail","6":"product_cat-bransoletki","7":"product_cat-dla-niej","9":"first","10":"instock","11":"taxable","12":"shipping-taxable","13":"purchasable","14":"product-type-variable"},"_links":{"self":[{"href":"https:\/\/birthday-gifts-her.com\/pl\/wp-json\/wp\/v2\/product\/8323","targetHints":{"allow":["GET"]}}],"collection":[{"href":"https:\/\/birthday-gifts-her.com\/pl\/wp-json\/wp\/v2\/product"}],"about":[{"href":"https:\/\/birthday-gifts-her.com\/pl\/wp-json\/wp\/v2\/types\/product"}],"replies":[{"embeddable":true,"href":"https:\/\/birthday-gifts-her.com\/pl\/wp-json\/wp\/v2\/comments?post=8323"}],"wp:featuredmedia":[{"embeddable":true,"href":"https:\/\/birthday-gifts-her.com\/pl\/wp-json\/wp\/v2\/media\/8830"}],"wp:attachment":[{"href":"https:\/\/birthday-gifts-her.com\/pl\/wp-json\/wp\/v2\/media?parent=8323"}],"wp:term":[{"taxonomy":"product_brand","embeddable":true,"href":"https:\/\/birthday-gifts-her.com\/pl\/wp-json\/wp\/v2\/product_brand?post=8323"},{"taxonomy":"product_cat","embeddable":true,"href":"https:\/\/birthday-gifts-her.com\/pl\/wp-json\/wp\/v2\/product_cat?post=8323"},{"taxonomy":"product_tag","embeddable":true,"href":"https:\/\/birthday-gifts-her.com\/pl\/wp-json\/wp\/v2\/product_tag?post=8323"}],"curies":[{"name":"wp","href":"https:\/\/api.w.org\/{rel}","templated":true}]}}