{"id":8318,"date":"2026-03-25T21:39:24","date_gmt":"2026-03-25T21:39:24","guid":{"rendered":"https:\/\/birthday-gifts-her.com\/pl\/?post_type=product&#038;p=8318"},"modified":"2026-03-25T21:41:47","modified_gmt":"2026-03-25T21:41:47","slug":"brelok-chrzestna-czy-chcesz-byc-moja-chrzestna","status":"publish","type":"product","link":"https:\/\/birthday-gifts-her.com\/pl\/product\/brelok-chrzestna-czy-chcesz-byc-moja-chrzestna\/","title":{"rendered":"Brelok Chrzestna Czy Chcesz by\u0107 moj\u0105 chrzestn\u0105?"},"content":{"rendered":"","protected":false},"excerpt":{"rendered":"","protected":false},"featured_media":8825,"comment_status":"closed","ping_status":"closed","template":"","meta":[],"product_brand":[],"product_cat":[286,279],"product_tag":[],"class_list":{"0":"post-8318","1":"product","2":"type-product","3":"status-publish","4":"has-post-thumbnail","6":"product_cat-breloki","7":"product_cat-dla-niej","9":"first","10":"instock","11":"taxable","12":"shipping-taxable","13":"purchasable","14":"product-type-simple"},"_links":{"self":[{"href":"https:\/\/birthday-gifts-her.com\/pl\/wp-json\/wp\/v2\/product\/8318","targetHints":{"allow":["GET"]}}],"collection":[{"href":"https:\/\/birthday-gifts-her.com\/pl\/wp-json\/wp\/v2\/product"}],"about":[{"href":"https:\/\/birthday-gifts-her.com\/pl\/wp-json\/wp\/v2\/types\/product"}],"replies":[{"embeddable":true,"href":"https:\/\/birthday-gifts-her.com\/pl\/wp-json\/wp\/v2\/comments?post=8318"}],"wp:featuredmedia":[{"embeddable":true,"href":"https:\/\/birthday-gifts-her.com\/pl\/wp-json\/wp\/v2\/media\/8825"}],"wp:attachment":[{"href":"https:\/\/birthday-gifts-her.com\/pl\/wp-json\/wp\/v2\/media?parent=8318"}],"wp:term":[{"taxonomy":"product_brand","embeddable":true,"href":"https:\/\/birthday-gifts-her.com\/pl\/wp-json\/wp\/v2\/product_brand?post=8318"},{"taxonomy":"product_cat","embeddable":true,"href":"https:\/\/birthday-gifts-her.com\/pl\/wp-json\/wp\/v2\/product_cat?post=8318"},{"taxonomy":"product_tag","embeddable":true,"href":"https:\/\/birthday-gifts-her.com\/pl\/wp-json\/wp\/v2\/product_tag?post=8318"}],"curies":[{"name":"wp","href":"https:\/\/api.w.org\/{rel}","templated":true}]}}