{"id":8275,"date":"2026-03-25T21:39:16","date_gmt":"2026-03-25T21:39:16","guid":{"rendered":"https:\/\/birthday-gifts-her.com\/pl\/?post_type=product&#038;p=8275"},"modified":"2026-03-25T21:41:36","modified_gmt":"2026-03-25T21:41:36","slug":"brelok-na-nasze-xx-lat-malzenstwa","status":"publish","type":"product","link":"https:\/\/birthday-gifts-her.com\/pl\/product\/brelok-na-nasze-xx-lat-malzenstwa\/","title":{"rendered":"Brelok &#8222;Na nasze XX lat ma\u0142\u017ce\u0144stwa&#8221;"},"content":{"rendered":"","protected":false},"excerpt":{"rendered":"","protected":false},"featured_media":8782,"comment_status":"closed","ping_status":"closed","template":"","meta":[],"product_brand":[],"product_cat":[286,285],"product_tag":[],"class_list":{"0":"post-8275","1":"product","2":"type-product","3":"status-publish","4":"has-post-thumbnail","6":"product_cat-breloki","7":"product_cat-spersonalizowane-prezenty","9":"first","10":"instock","11":"taxable","12":"shipping-taxable","13":"purchasable","14":"product-type-simple"},"_links":{"self":[{"href":"https:\/\/birthday-gifts-her.com\/pl\/wp-json\/wp\/v2\/product\/8275","targetHints":{"allow":["GET"]}}],"collection":[{"href":"https:\/\/birthday-gifts-her.com\/pl\/wp-json\/wp\/v2\/product"}],"about":[{"href":"https:\/\/birthday-gifts-her.com\/pl\/wp-json\/wp\/v2\/types\/product"}],"replies":[{"embeddable":true,"href":"https:\/\/birthday-gifts-her.com\/pl\/wp-json\/wp\/v2\/comments?post=8275"}],"wp:featuredmedia":[{"embeddable":true,"href":"https:\/\/birthday-gifts-her.com\/pl\/wp-json\/wp\/v2\/media\/8782"}],"wp:attachment":[{"href":"https:\/\/birthday-gifts-her.com\/pl\/wp-json\/wp\/v2\/media?parent=8275"}],"wp:term":[{"taxonomy":"product_brand","embeddable":true,"href":"https:\/\/birthday-gifts-her.com\/pl\/wp-json\/wp\/v2\/product_brand?post=8275"},{"taxonomy":"product_cat","embeddable":true,"href":"https:\/\/birthday-gifts-her.com\/pl\/wp-json\/wp\/v2\/product_cat?post=8275"},{"taxonomy":"product_tag","embeddable":true,"href":"https:\/\/birthday-gifts-her.com\/pl\/wp-json\/wp\/v2\/product_tag?post=8275"}],"curies":[{"name":"wp","href":"https:\/\/api.w.org\/{rel}","templated":true}]}}