{"id":8140,"date":"2026-03-25T21:38:47","date_gmt":"2026-03-25T21:38:47","guid":{"rendered":"https:\/\/birthday-gifts-her.com\/pl\/?post_type=product&#038;p=8140"},"modified":"2026-03-25T21:41:01","modified_gmt":"2026-03-25T21:41:01","slug":"brelok-szczesliwych-urodzin-xxx-95-lat-dostosuj-imie","status":"publish","type":"product","link":"https:\/\/birthday-gifts-her.com\/pl\/product\/brelok-szczesliwych-urodzin-xxx-95-lat-dostosuj-imie\/","title":{"rendered":"Brelok &#8222;Szcz\u0119\u015bliwych urodzin XXX 95 lat&#8221; &#8211; Dostosuj imi\u0119"},"content":{"rendered":"","protected":false},"excerpt":{"rendered":"","protected":false},"featured_media":8647,"comment_status":"closed","ping_status":"closed","template":"","meta":[],"product_brand":[],"product_cat":[286,282],"product_tag":[],"class_list":{"0":"post-8140","1":"product","2":"type-product","3":"status-publish","4":"has-post-thumbnail","6":"product_cat-breloki","7":"product_cat-prezenty-urodzinowe","9":"first","10":"instock","11":"taxable","12":"shipping-taxable","13":"purchasable","14":"product-type-simple"},"_links":{"self":[{"href":"https:\/\/birthday-gifts-her.com\/pl\/wp-json\/wp\/v2\/product\/8140","targetHints":{"allow":["GET"]}}],"collection":[{"href":"https:\/\/birthday-gifts-her.com\/pl\/wp-json\/wp\/v2\/product"}],"about":[{"href":"https:\/\/birthday-gifts-her.com\/pl\/wp-json\/wp\/v2\/types\/product"}],"replies":[{"embeddable":true,"href":"https:\/\/birthday-gifts-her.com\/pl\/wp-json\/wp\/v2\/comments?post=8140"}],"wp:featuredmedia":[{"embeddable":true,"href":"https:\/\/birthday-gifts-her.com\/pl\/wp-json\/wp\/v2\/media\/8647"}],"wp:attachment":[{"href":"https:\/\/birthday-gifts-her.com\/pl\/wp-json\/wp\/v2\/media?parent=8140"}],"wp:term":[{"taxonomy":"product_brand","embeddable":true,"href":"https:\/\/birthday-gifts-her.com\/pl\/wp-json\/wp\/v2\/product_brand?post=8140"},{"taxonomy":"product_cat","embeddable":true,"href":"https:\/\/birthday-gifts-her.com\/pl\/wp-json\/wp\/v2\/product_cat?post=8140"},{"taxonomy":"product_tag","embeddable":true,"href":"https:\/\/birthday-gifts-her.com\/pl\/wp-json\/wp\/v2\/product_tag?post=8140"}],"curies":[{"name":"wp","href":"https:\/\/api.w.org\/{rel}","templated":true}]}}