{"id":8122,"date":"2026-03-25T21:38:44","date_gmt":"2026-03-25T21:38:44","guid":{"rendered":"https:\/\/birthday-gifts-her.com\/pl\/?post_type=product&#038;p=8122"},"modified":"2026-03-25T21:40:57","modified_gmt":"2026-03-25T21:40:57","slug":"brelok-dobre-wiesci-nasza-rodzina-sie-powieksza-dziecko-w-drodze","status":"publish","type":"product","link":"https:\/\/birthday-gifts-her.com\/pl\/product\/brelok-dobre-wiesci-nasza-rodzina-sie-powieksza-dziecko-w-drodze\/","title":{"rendered":"Brelok &#8222;Dobre wie\u015bci: nasza rodzina si\u0119 powi\u0119ksza, dziecko w drodze!&#8221;"},"content":{"rendered":"","protected":false},"excerpt":{"rendered":"","protected":false},"featured_media":8629,"comment_status":"closed","ping_status":"closed","template":"","meta":[],"product_brand":[],"product_cat":[286,285],"product_tag":[],"class_list":{"0":"post-8122","1":"product","2":"type-product","3":"status-publish","4":"has-post-thumbnail","6":"product_cat-breloki","7":"product_cat-spersonalizowane-prezenty","9":"first","10":"instock","11":"taxable","12":"shipping-taxable","13":"purchasable","14":"product-type-simple"},"_links":{"self":[{"href":"https:\/\/birthday-gifts-her.com\/pl\/wp-json\/wp\/v2\/product\/8122","targetHints":{"allow":["GET"]}}],"collection":[{"href":"https:\/\/birthday-gifts-her.com\/pl\/wp-json\/wp\/v2\/product"}],"about":[{"href":"https:\/\/birthday-gifts-her.com\/pl\/wp-json\/wp\/v2\/types\/product"}],"replies":[{"embeddable":true,"href":"https:\/\/birthday-gifts-her.com\/pl\/wp-json\/wp\/v2\/comments?post=8122"}],"wp:featuredmedia":[{"embeddable":true,"href":"https:\/\/birthday-gifts-her.com\/pl\/wp-json\/wp\/v2\/media\/8629"}],"wp:attachment":[{"href":"https:\/\/birthday-gifts-her.com\/pl\/wp-json\/wp\/v2\/media?parent=8122"}],"wp:term":[{"taxonomy":"product_brand","embeddable":true,"href":"https:\/\/birthday-gifts-her.com\/pl\/wp-json\/wp\/v2\/product_brand?post=8122"},{"taxonomy":"product_cat","embeddable":true,"href":"https:\/\/birthday-gifts-her.com\/pl\/wp-json\/wp\/v2\/product_cat?post=8122"},{"taxonomy":"product_tag","embeddable":true,"href":"https:\/\/birthday-gifts-her.com\/pl\/wp-json\/wp\/v2\/product_tag?post=8122"}],"curies":[{"name":"wp","href":"https:\/\/api.w.org\/{rel}","templated":true}]}}