{"id":7955,"date":"2026-03-25T21:38:20","date_gmt":"2026-03-25T21:38:20","guid":{"rendered":"https:\/\/birthday-gifts-her.com\/pl\/?post_type=product&#038;p=7955"},"modified":"2026-03-25T21:47:27","modified_gmt":"2026-03-25T21:47:27","slug":"personalizowany-brelok-dla-mezczyzn-podaruj-unikalna-bizuterie-ktora-odzwierciedla-ciebie","status":"publish","type":"product","link":"https:\/\/birthday-gifts-her.com\/pl\/product\/personalizowany-brelok-dla-mezczyzn-podaruj-unikalna-bizuterie-ktora-odzwierciedla-ciebie\/","title":{"rendered":"Personalizowany Brelok dla M\u0119\u017cczyzn &#8211; Podaruj unikaln\u0105 bi\u017cuteri\u0119, kt\u00f3ra odzwierciedla Ciebie"},"content":{"rendered":"","protected":false},"excerpt":{"rendered":"","protected":false},"featured_media":8463,"comment_status":"closed","ping_status":"closed","template":"","meta":[],"product_brand":[],"product_cat":[286,280],"product_tag":[],"class_list":{"0":"post-7955","1":"product","2":"type-product","3":"status-publish","4":"has-post-thumbnail","6":"product_cat-breloki","7":"product_cat-dla-niego","9":"first","10":"instock","11":"sale","12":"taxable","13":"shipping-taxable","14":"purchasable","15":"product-type-variable"},"_links":{"self":[{"href":"https:\/\/birthday-gifts-her.com\/pl\/wp-json\/wp\/v2\/product\/7955","targetHints":{"allow":["GET"]}}],"collection":[{"href":"https:\/\/birthday-gifts-her.com\/pl\/wp-json\/wp\/v2\/product"}],"about":[{"href":"https:\/\/birthday-gifts-her.com\/pl\/wp-json\/wp\/v2\/types\/product"}],"replies":[{"embeddable":true,"href":"https:\/\/birthday-gifts-her.com\/pl\/wp-json\/wp\/v2\/comments?post=7955"}],"wp:featuredmedia":[{"embeddable":true,"href":"https:\/\/birthday-gifts-her.com\/pl\/wp-json\/wp\/v2\/media\/8463"}],"wp:attachment":[{"href":"https:\/\/birthday-gifts-her.com\/pl\/wp-json\/wp\/v2\/media?parent=7955"}],"wp:term":[{"taxonomy":"product_brand","embeddable":true,"href":"https:\/\/birthday-gifts-her.com\/pl\/wp-json\/wp\/v2\/product_brand?post=7955"},{"taxonomy":"product_cat","embeddable":true,"href":"https:\/\/birthday-gifts-her.com\/pl\/wp-json\/wp\/v2\/product_cat?post=7955"},{"taxonomy":"product_tag","embeddable":true,"href":"https:\/\/birthday-gifts-her.com\/pl\/wp-json\/wp\/v2\/product_tag?post=7955"}],"curies":[{"name":"wp","href":"https:\/\/api.w.org\/{rel}","templated":true}]}}