{"id":7944,"date":"2026-03-25T21:38:18","date_gmt":"2026-03-25T21:38:18","guid":{"rendered":"https:\/\/birthday-gifts-her.com\/pl\/?post_type=product&#038;p=7944"},"modified":"2026-03-25T21:40:06","modified_gmt":"2026-03-25T21:40:06","slug":"kartka-dla-mojej-malej-wnuczki-babcia-dziadek-pamietaj-zawsze-ze","status":"publish","type":"product","link":"https:\/\/birthday-gifts-her.com\/pl\/product\/kartka-dla-mojej-malej-wnuczki-babcia-dziadek-pamietaj-zawsze-ze\/","title":{"rendered":"Kartka dla mojej Ma\u0142ej Wnuczki Babcia Dziadek Pami\u0119taj zawsze, \u017ce"},"content":{"rendered":"","protected":false},"excerpt":{"rendered":"","protected":false},"featured_media":0,"comment_status":"closed","ping_status":"closed","template":"","meta":[],"product_brand":[],"product_cat":[279,289],"product_tag":[],"class_list":{"0":"post-7944","1":"product","2":"type-product","3":"status-publish","5":"product_cat-dla-niej","6":"product_cat-zestawy-prezentowe","8":"first","9":"instock","10":"taxable","11":"shipping-taxable","12":"purchasable","13":"product-type-simple"},"_links":{"self":[{"href":"https:\/\/birthday-gifts-her.com\/pl\/wp-json\/wp\/v2\/product\/7944","targetHints":{"allow":["GET"]}}],"collection":[{"href":"https:\/\/birthday-gifts-her.com\/pl\/wp-json\/wp\/v2\/product"}],"about":[{"href":"https:\/\/birthday-gifts-her.com\/pl\/wp-json\/wp\/v2\/types\/product"}],"replies":[{"embeddable":true,"href":"https:\/\/birthday-gifts-her.com\/pl\/wp-json\/wp\/v2\/comments?post=7944"}],"wp:attachment":[{"href":"https:\/\/birthday-gifts-her.com\/pl\/wp-json\/wp\/v2\/media?parent=7944"}],"wp:term":[{"taxonomy":"product_brand","embeddable":true,"href":"https:\/\/birthday-gifts-her.com\/pl\/wp-json\/wp\/v2\/product_brand?post=7944"},{"taxonomy":"product_cat","embeddable":true,"href":"https:\/\/birthday-gifts-her.com\/pl\/wp-json\/wp\/v2\/product_cat?post=7944"},{"taxonomy":"product_tag","embeddable":true,"href":"https:\/\/birthday-gifts-her.com\/pl\/wp-json\/wp\/v2\/product_tag?post=7944"}],"curies":[{"name":"wp","href":"https:\/\/api.w.org\/{rel}","templated":true}]}}