{"id":7514,"date":"2026-03-23T09:12:01","date_gmt":"2026-03-23T09:12:01","guid":{"rendered":"https:\/\/birthday-gifts-her.com\/hr\/?post_type=product&#038;p=7514"},"modified":"2026-03-23T09:13:57","modified_gmt":"2026-03-23T09:13:57","slug":"personalizirani-kljucanica-za-obavijest-o-trudnoci-za-rodaka-buduci-ujak","status":"publish","type":"product","link":"https:\/\/birthday-gifts-her.com\/hr\/product\/personalizirani-kljucanica-za-obavijest-o-trudnoci-za-rodaka-buduci-ujak\/","title":{"rendered":"Personalizirani Klju\u010danica za Obavijest o Trudno\u0107i za Ro\u0111aka &#8211; Budu\u0107i Ujak"},"content":{"rendered":"","protected":false},"excerpt":{"rendered":"","protected":false},"featured_media":8022,"comment_status":"closed","ping_status":"closed","template":"","meta":[],"product_brand":[],"product_cat":[287,281],"product_tag":[],"class_list":{"0":"post-7514","1":"product","2":"type-product","3":"status-publish","4":"has-post-thumbnail","6":"product_cat-privjesci-kljuceve","7":"product_cat-za-njega","9":"first","10":"instock","11":"taxable","12":"shipping-taxable","13":"purchasable","14":"product-type-simple"},"_links":{"self":[{"href":"https:\/\/birthday-gifts-her.com\/hr\/wp-json\/wp\/v2\/product\/7514","targetHints":{"allow":["GET"]}}],"collection":[{"href":"https:\/\/birthday-gifts-her.com\/hr\/wp-json\/wp\/v2\/product"}],"about":[{"href":"https:\/\/birthday-gifts-her.com\/hr\/wp-json\/wp\/v2\/types\/product"}],"replies":[{"embeddable":true,"href":"https:\/\/birthday-gifts-her.com\/hr\/wp-json\/wp\/v2\/comments?post=7514"}],"wp:featuredmedia":[{"embeddable":true,"href":"https:\/\/birthday-gifts-her.com\/hr\/wp-json\/wp\/v2\/media\/8022"}],"wp:attachment":[{"href":"https:\/\/birthday-gifts-her.com\/hr\/wp-json\/wp\/v2\/media?parent=7514"}],"wp:term":[{"taxonomy":"product_brand","embeddable":true,"href":"https:\/\/birthday-gifts-her.com\/hr\/wp-json\/wp\/v2\/product_brand?post=7514"},{"taxonomy":"product_cat","embeddable":true,"href":"https:\/\/birthday-gifts-her.com\/hr\/wp-json\/wp\/v2\/product_cat?post=7514"},{"taxonomy":"product_tag","embeddable":true,"href":"https:\/\/birthday-gifts-her.com\/hr\/wp-json\/wp\/v2\/product_tag?post=7514"}],"curies":[{"name":"wp","href":"https:\/\/api.w.org\/{rel}","templated":true}]}}