{"id":7464,"date":"2026-03-23T09:11:51","date_gmt":"2026-03-23T09:11:51","guid":{"rendered":"https:\/\/birthday-gifts-her.com\/hr\/?post_type=product&#038;p=7464"},"modified":"2026-03-23T09:13:41","modified_gmt":"2026-03-23T09:13:41","slug":"personalizirani-bozicni-kljucanica-sretan-bozic-zena-za-personalizaciju","status":"publish","type":"product","link":"https:\/\/birthday-gifts-her.com\/hr\/product\/personalizirani-bozicni-kljucanica-sretan-bozic-zena-za-personalizaciju\/","title":{"rendered":"Personalizirani Bo\u017ei\u0107ni Klju\u010danica &#8211; Sretan Bo\u017ei\u0107 \u017dena &#8211; Za Personalizaciju"},"content":{"rendered":"","protected":false},"excerpt":{"rendered":"","protected":false},"featured_media":7975,"comment_status":"closed","ping_status":"closed","template":"","meta":[],"product_brand":[],"product_cat":[285,287],"product_tag":[],"class_list":{"0":"post-7464","1":"product","2":"type-product","3":"status-publish","4":"has-post-thumbnail","6":"product_cat-bozicni-darovi","7":"product_cat-privjesci-kljuceve","9":"first","10":"instock","11":"taxable","12":"shipping-taxable","13":"purchasable","14":"product-type-simple"},"_links":{"self":[{"href":"https:\/\/birthday-gifts-her.com\/hr\/wp-json\/wp\/v2\/product\/7464","targetHints":{"allow":["GET"]}}],"collection":[{"href":"https:\/\/birthday-gifts-her.com\/hr\/wp-json\/wp\/v2\/product"}],"about":[{"href":"https:\/\/birthday-gifts-her.com\/hr\/wp-json\/wp\/v2\/types\/product"}],"replies":[{"embeddable":true,"href":"https:\/\/birthday-gifts-her.com\/hr\/wp-json\/wp\/v2\/comments?post=7464"}],"wp:featuredmedia":[{"embeddable":true,"href":"https:\/\/birthday-gifts-her.com\/hr\/wp-json\/wp\/v2\/media\/7975"}],"wp:attachment":[{"href":"https:\/\/birthday-gifts-her.com\/hr\/wp-json\/wp\/v2\/media?parent=7464"}],"wp:term":[{"taxonomy":"product_brand","embeddable":true,"href":"https:\/\/birthday-gifts-her.com\/hr\/wp-json\/wp\/v2\/product_brand?post=7464"},{"taxonomy":"product_cat","embeddable":true,"href":"https:\/\/birthday-gifts-her.com\/hr\/wp-json\/wp\/v2\/product_cat?post=7464"},{"taxonomy":"product_tag","embeddable":true,"href":"https:\/\/birthday-gifts-her.com\/hr\/wp-json\/wp\/v2\/product_tag?post=7464"}],"curies":[{"name":"wp","href":"https:\/\/api.w.org\/{rel}","templated":true}]}}