{"id":7428,"date":"2026-03-23T09:11:45","date_gmt":"2026-03-23T09:11:45","guid":{"rendered":"https:\/\/birthday-gifts-her.com\/hr\/?post_type=product&#038;p=7428"},"modified":"2026-03-23T09:13:31","modified_gmt":"2026-03-23T09:13:31","slug":"personalizirani-kljucni-oznaka-sinu-sretan-bozic-sinu-za-personalizaciju-ime","status":"publish","type":"product","link":"https:\/\/birthday-gifts-her.com\/hr\/product\/personalizirani-kljucni-oznaka-sinu-sretan-bozic-sinu-za-personalizaciju-ime\/","title":{"rendered":"Personalizirani Klju\u010dni Oznaka Sinu &#8211; Sretan Bo\u017ei\u0107 Sinu &#8211; Za Personalizaciju (Ime)"},"content":{"rendered":"","protected":false},"excerpt":{"rendered":"","protected":false},"featured_media":7941,"comment_status":"closed","ping_status":"closed","template":"","meta":[],"product_brand":[],"product_cat":[285,287],"product_tag":[],"class_list":{"0":"post-7428","1":"product","2":"type-product","3":"status-publish","4":"has-post-thumbnail","6":"product_cat-bozicni-darovi","7":"product_cat-privjesci-kljuceve","9":"first","10":"instock","11":"taxable","12":"shipping-taxable","13":"purchasable","14":"product-type-simple"},"_links":{"self":[{"href":"https:\/\/birthday-gifts-her.com\/hr\/wp-json\/wp\/v2\/product\/7428","targetHints":{"allow":["GET"]}}],"collection":[{"href":"https:\/\/birthday-gifts-her.com\/hr\/wp-json\/wp\/v2\/product"}],"about":[{"href":"https:\/\/birthday-gifts-her.com\/hr\/wp-json\/wp\/v2\/types\/product"}],"replies":[{"embeddable":true,"href":"https:\/\/birthday-gifts-her.com\/hr\/wp-json\/wp\/v2\/comments?post=7428"}],"wp:featuredmedia":[{"embeddable":true,"href":"https:\/\/birthday-gifts-her.com\/hr\/wp-json\/wp\/v2\/media\/7941"}],"wp:attachment":[{"href":"https:\/\/birthday-gifts-her.com\/hr\/wp-json\/wp\/v2\/media?parent=7428"}],"wp:term":[{"taxonomy":"product_brand","embeddable":true,"href":"https:\/\/birthday-gifts-her.com\/hr\/wp-json\/wp\/v2\/product_brand?post=7428"},{"taxonomy":"product_cat","embeddable":true,"href":"https:\/\/birthday-gifts-her.com\/hr\/wp-json\/wp\/v2\/product_cat?post=7428"},{"taxonomy":"product_tag","embeddable":true,"href":"https:\/\/birthday-gifts-her.com\/hr\/wp-json\/wp\/v2\/product_tag?post=7428"}],"curies":[{"name":"wp","href":"https:\/\/api.w.org\/{rel}","templated":true}]}}