{"id":8283,"date":"2026-03-25T21:16:32","date_gmt":"2026-03-25T21:16:32","guid":{"rendered":"https:\/\/birthday-gifts-her.com\/de\/?post_type=product&#038;p=8283"},"modified":"2026-03-25T21:19:22","modified_gmt":"2026-03-25T21:19:22","slug":"personalisierter-schlusselanhanger-fur-einen-freund-herzlichen-gluckwunsch-zum-geburtstag-anpassen-vorname","status":"publish","type":"product","link":"https:\/\/birthday-gifts-her.com\/de\/product\/personalisierter-schlusselanhanger-fur-einen-freund-herzlichen-gluckwunsch-zum-geburtstag-anpassen-vorname\/","title":{"rendered":"Personalisierter Schl\u00fcsselanh\u00e4nger f\u00fcr einen Freund &#8211; Herzlichen Gl\u00fcckwunsch zum Geburtstag &#8211; Anpassen (Vorname)"},"content":{"rendered":"","protected":false},"excerpt":{"rendered":"","protected":false},"featured_media":8790,"comment_status":"closed","ping_status":"closed","template":"","meta":[],"product_brand":[],"product_cat":[281,286],"product_tag":[],"class_list":{"0":"post-8283","1":"product","2":"type-product","3":"status-publish","4":"has-post-thumbnail","6":"product_cat-fur-freunde","7":"product_cat-schlusselanhanger","9":"first","10":"instock","11":"taxable","12":"shipping-taxable","13":"purchasable","14":"product-type-simple"},"_links":{"self":[{"href":"https:\/\/birthday-gifts-her.com\/de\/wp-json\/wp\/v2\/product\/8283","targetHints":{"allow":["GET"]}}],"collection":[{"href":"https:\/\/birthday-gifts-her.com\/de\/wp-json\/wp\/v2\/product"}],"about":[{"href":"https:\/\/birthday-gifts-her.com\/de\/wp-json\/wp\/v2\/types\/product"}],"replies":[{"embeddable":true,"href":"https:\/\/birthday-gifts-her.com\/de\/wp-json\/wp\/v2\/comments?post=8283"}],"wp:featuredmedia":[{"embeddable":true,"href":"https:\/\/birthday-gifts-her.com\/de\/wp-json\/wp\/v2\/media\/8790"}],"wp:attachment":[{"href":"https:\/\/birthday-gifts-her.com\/de\/wp-json\/wp\/v2\/media?parent=8283"}],"wp:term":[{"taxonomy":"product_brand","embeddable":true,"href":"https:\/\/birthday-gifts-her.com\/de\/wp-json\/wp\/v2\/product_brand?post=8283"},{"taxonomy":"product_cat","embeddable":true,"href":"https:\/\/birthday-gifts-her.com\/de\/wp-json\/wp\/v2\/product_cat?post=8283"},{"taxonomy":"product_tag","embeddable":true,"href":"https:\/\/birthday-gifts-her.com\/de\/wp-json\/wp\/v2\/product_tag?post=8283"}],"curies":[{"name":"wp","href":"https:\/\/api.w.org\/{rel}","templated":true}]}}