{"id":8235,"date":"2026-03-25T21:16:23","date_gmt":"2026-03-25T21:16:23","guid":{"rendered":"https:\/\/birthday-gifts-her.com\/de\/?post_type=product&#038;p=8235"},"modified":"2026-03-25T21:19:05","modified_gmt":"2026-03-25T21:19:05","slug":"personalisierter-schlusselanhanger-fur-die-beste-freundin-herzlichen-gluckwunsch-zum-geburtstag-beste-freundin-zu-personalisieren-name-alter","status":"publish","type":"product","link":"https:\/\/birthday-gifts-her.com\/de\/product\/personalisierter-schlusselanhanger-fur-die-beste-freundin-herzlichen-gluckwunsch-zum-geburtstag-beste-freundin-zu-personalisieren-name-alter\/","title":{"rendered":"Personalisierter Schl\u00fcsselanh\u00e4nger f\u00fcr die Beste Freundin &#8211; Herzlichen Gl\u00fcckwunsch zum Geburtstag Beste Freundin &#8211; Zu personalisieren (Name\/Alter)"},"content":{"rendered":"","protected":false},"excerpt":{"rendered":"","protected":false},"featured_media":8742,"comment_status":"closed","ping_status":"closed","template":"","meta":[],"product_brand":[],"product_cat":[281,286],"product_tag":[],"class_list":{"0":"post-8235","1":"product","2":"type-product","3":"status-publish","4":"has-post-thumbnail","6":"product_cat-fur-freunde","7":"product_cat-schlusselanhanger","9":"first","10":"instock","11":"taxable","12":"shipping-taxable","13":"purchasable","14":"product-type-simple"},"_links":{"self":[{"href":"https:\/\/birthday-gifts-her.com\/de\/wp-json\/wp\/v2\/product\/8235","targetHints":{"allow":["GET"]}}],"collection":[{"href":"https:\/\/birthday-gifts-her.com\/de\/wp-json\/wp\/v2\/product"}],"about":[{"href":"https:\/\/birthday-gifts-her.com\/de\/wp-json\/wp\/v2\/types\/product"}],"replies":[{"embeddable":true,"href":"https:\/\/birthday-gifts-her.com\/de\/wp-json\/wp\/v2\/comments?post=8235"}],"wp:featuredmedia":[{"embeddable":true,"href":"https:\/\/birthday-gifts-her.com\/de\/wp-json\/wp\/v2\/media\/8742"}],"wp:attachment":[{"href":"https:\/\/birthday-gifts-her.com\/de\/wp-json\/wp\/v2\/media?parent=8235"}],"wp:term":[{"taxonomy":"product_brand","embeddable":true,"href":"https:\/\/birthday-gifts-her.com\/de\/wp-json\/wp\/v2\/product_brand?post=8235"},{"taxonomy":"product_cat","embeddable":true,"href":"https:\/\/birthday-gifts-her.com\/de\/wp-json\/wp\/v2\/product_cat?post=8235"},{"taxonomy":"product_tag","embeddable":true,"href":"https:\/\/birthday-gifts-her.com\/de\/wp-json\/wp\/v2\/product_tag?post=8235"}],"curies":[{"name":"wp","href":"https:\/\/api.w.org\/{rel}","templated":true}]}}