{"id":8216,"date":"2026-03-25T21:16:19","date_gmt":"2026-03-25T21:16:19","guid":{"rendered":"https:\/\/birthday-gifts-her.com\/de\/?post_type=product&#038;p=8216"},"modified":"2026-03-25T21:18:57","modified_gmt":"2026-03-25T21:18:57","slug":"der-schlusselanhanger-herzlichen-gluckwunsch-xxx-20-jahre-vorname-anpassen","status":"publish","type":"product","link":"https:\/\/birthday-gifts-her.com\/de\/product\/der-schlusselanhanger-herzlichen-gluckwunsch-xxx-20-jahre-vorname-anpassen\/","title":{"rendered":"Der Schl\u00fcsselanh\u00e4nger &#8222;Herzlichen Gl\u00fcckwunsch XXX 20 Jahre&#8220; &#8211; Vorname anpassen"},"content":{"rendered":"","protected":false},"excerpt":{"rendered":"","protected":false},"featured_media":8723,"comment_status":"closed","ping_status":"closed","template":"","meta":[],"product_brand":[],"product_cat":[282,286],"product_tag":[],"class_list":{"0":"post-8216","1":"product","2":"type-product","3":"status-publish","4":"has-post-thumbnail","6":"product_cat-geburtstagsgeschenke","7":"product_cat-schlusselanhanger","9":"first","10":"instock","11":"taxable","12":"shipping-taxable","13":"purchasable","14":"product-type-simple"},"_links":{"self":[{"href":"https:\/\/birthday-gifts-her.com\/de\/wp-json\/wp\/v2\/product\/8216","targetHints":{"allow":["GET"]}}],"collection":[{"href":"https:\/\/birthday-gifts-her.com\/de\/wp-json\/wp\/v2\/product"}],"about":[{"href":"https:\/\/birthday-gifts-her.com\/de\/wp-json\/wp\/v2\/types\/product"}],"replies":[{"embeddable":true,"href":"https:\/\/birthday-gifts-her.com\/de\/wp-json\/wp\/v2\/comments?post=8216"}],"wp:featuredmedia":[{"embeddable":true,"href":"https:\/\/birthday-gifts-her.com\/de\/wp-json\/wp\/v2\/media\/8723"}],"wp:attachment":[{"href":"https:\/\/birthday-gifts-her.com\/de\/wp-json\/wp\/v2\/media?parent=8216"}],"wp:term":[{"taxonomy":"product_brand","embeddable":true,"href":"https:\/\/birthday-gifts-her.com\/de\/wp-json\/wp\/v2\/product_brand?post=8216"},{"taxonomy":"product_cat","embeddable":true,"href":"https:\/\/birthday-gifts-her.com\/de\/wp-json\/wp\/v2\/product_cat?post=8216"},{"taxonomy":"product_tag","embeddable":true,"href":"https:\/\/birthday-gifts-her.com\/de\/wp-json\/wp\/v2\/product_tag?post=8216"}],"curies":[{"name":"wp","href":"https:\/\/api.w.org\/{rel}","templated":true}]}}