{"id":8003,"date":"2026-03-25T21:15:35","date_gmt":"2026-03-25T21:15:35","guid":{"rendered":"https:\/\/birthday-gifts-her.com\/de\/?post_type=product&#038;p=8003"},"modified":"2026-03-25T21:17:45","modified_gmt":"2026-03-25T21:17:45","slug":"schlusselanhanger-opa-herzlichen-gluckwunsch-zum-geburtstag-opa-personalisierbar-name-alter","status":"publish","type":"product","link":"https:\/\/birthday-gifts-her.com\/de\/product\/schlusselanhanger-opa-herzlichen-gluckwunsch-zum-geburtstag-opa-personalisierbar-name-alter\/","title":{"rendered":"Schl\u00fcsselanh\u00e4nger Opa &#8211; Herzlichen Gl\u00fcckwunsch zum Geburtstag Opa &#8211; Personalisierbar (Name\/Alter)"},"content":{"rendered":"","protected":false},"excerpt":{"rendered":"","protected":false},"featured_media":8511,"comment_status":"closed","ping_status":"closed","template":"","meta":[],"product_brand":[],"product_cat":[280,286],"product_tag":[],"class_list":{"0":"post-8003","1":"product","2":"type-product","3":"status-publish","4":"has-post-thumbnail","6":"product_cat-fur-ihn","7":"product_cat-schlusselanhanger","9":"first","10":"instock","11":"taxable","12":"shipping-taxable","13":"purchasable","14":"product-type-simple"},"_links":{"self":[{"href":"https:\/\/birthday-gifts-her.com\/de\/wp-json\/wp\/v2\/product\/8003","targetHints":{"allow":["GET"]}}],"collection":[{"href":"https:\/\/birthday-gifts-her.com\/de\/wp-json\/wp\/v2\/product"}],"about":[{"href":"https:\/\/birthday-gifts-her.com\/de\/wp-json\/wp\/v2\/types\/product"}],"replies":[{"embeddable":true,"href":"https:\/\/birthday-gifts-her.com\/de\/wp-json\/wp\/v2\/comments?post=8003"}],"wp:featuredmedia":[{"embeddable":true,"href":"https:\/\/birthday-gifts-her.com\/de\/wp-json\/wp\/v2\/media\/8511"}],"wp:attachment":[{"href":"https:\/\/birthday-gifts-her.com\/de\/wp-json\/wp\/v2\/media?parent=8003"}],"wp:term":[{"taxonomy":"product_brand","embeddable":true,"href":"https:\/\/birthday-gifts-her.com\/de\/wp-json\/wp\/v2\/product_brand?post=8003"},{"taxonomy":"product_cat","embeddable":true,"href":"https:\/\/birthday-gifts-her.com\/de\/wp-json\/wp\/v2\/product_cat?post=8003"},{"taxonomy":"product_tag","embeddable":true,"href":"https:\/\/birthday-gifts-her.com\/de\/wp-json\/wp\/v2\/product_tag?post=8003"}],"curies":[{"name":"wp","href":"https:\/\/api.w.org\/{rel}","templated":true}]}}