{"id":7957,"date":"2026-03-25T21:15:26","date_gmt":"2026-03-25T21:15:26","guid":{"rendered":"https:\/\/birthday-gifts-her.com\/de\/?post_type=product&#038;p=7957"},"modified":"2026-03-25T21:26:04","modified_gmt":"2026-03-25T21:26:04","slug":"personalisierte-halskette-fur-manner-schenken-sie-ein-einzigartiges-schmuckstuck-das-ihre-personlichkeit-widerspiegelt","status":"publish","type":"product","link":"https:\/\/birthday-gifts-her.com\/de\/product\/personalisierte-halskette-fur-manner-schenken-sie-ein-einzigartiges-schmuckstuck-das-ihre-personlichkeit-widerspiegelt\/","title":{"rendered":"Personalisierte Halskette f\u00fcr M\u00e4nner &#8211; Schenken Sie ein einzigartiges Schmuckst\u00fcck, das Ihre Pers\u00f6nlichkeit widerspiegelt"},"content":{"rendered":"","protected":false},"excerpt":{"rendered":"","protected":false},"featured_media":8465,"comment_status":"closed","ping_status":"closed","template":"","meta":[],"product_brand":[],"product_cat":[280,287],"product_tag":[],"class_list":{"0":"post-7957","1":"product","2":"type-product","3":"status-publish","4":"has-post-thumbnail","6":"product_cat-fur-ihn","7":"product_cat-ketten","9":"first","10":"instock","11":"sale","12":"taxable","13":"shipping-taxable","14":"purchasable","15":"product-type-variable"},"_links":{"self":[{"href":"https:\/\/birthday-gifts-her.com\/de\/wp-json\/wp\/v2\/product\/7957","targetHints":{"allow":["GET"]}}],"collection":[{"href":"https:\/\/birthday-gifts-her.com\/de\/wp-json\/wp\/v2\/product"}],"about":[{"href":"https:\/\/birthday-gifts-her.com\/de\/wp-json\/wp\/v2\/types\/product"}],"replies":[{"embeddable":true,"href":"https:\/\/birthday-gifts-her.com\/de\/wp-json\/wp\/v2\/comments?post=7957"}],"wp:featuredmedia":[{"embeddable":true,"href":"https:\/\/birthday-gifts-her.com\/de\/wp-json\/wp\/v2\/media\/8465"}],"wp:attachment":[{"href":"https:\/\/birthday-gifts-her.com\/de\/wp-json\/wp\/v2\/media?parent=7957"}],"wp:term":[{"taxonomy":"product_brand","embeddable":true,"href":"https:\/\/birthday-gifts-her.com\/de\/wp-json\/wp\/v2\/product_brand?post=7957"},{"taxonomy":"product_cat","embeddable":true,"href":"https:\/\/birthday-gifts-her.com\/de\/wp-json\/wp\/v2\/product_cat?post=7957"},{"taxonomy":"product_tag","embeddable":true,"href":"https:\/\/birthday-gifts-her.com\/de\/wp-json\/wp\/v2\/product_tag?post=7957"}],"curies":[{"name":"wp","href":"https:\/\/api.w.org\/{rel}","templated":true}]}}