{"id":7861,"date":"2026-03-25T21:15:06","date_gmt":"2026-03-25T21:15:06","guid":{"rendered":"https:\/\/birthday-gifts-her.com\/de\/?post_type=product&#038;p=7861"},"modified":"2026-03-25T21:25:57","modified_gmt":"2026-03-25T21:25:57","slug":"halskette-fur-meine-enkelin-gluck-personalisierte-karte-fur-meine-enkelin","status":"publish","type":"product","link":"https:\/\/birthday-gifts-her.com\/de\/product\/halskette-fur-meine-enkelin-gluck-personalisierte-karte-fur-meine-enkelin\/","title":{"rendered":"Halskette F\u00fcr meine Enkelin Gl\u00fcck + Personalisierte Karte F\u00fcr meine Enkelin"},"content":{"rendered":"","protected":false},"excerpt":{"rendered":"","protected":false},"featured_media":8378,"comment_status":"closed","ping_status":"closed","template":"","meta":[],"product_brand":[],"product_cat":[288,279],"product_tag":[],"class_list":{"0":"post-7861","1":"product","2":"type-product","3":"status-publish","4":"has-post-thumbnail","6":"product_cat-armbander","7":"product_cat-fur-sie","9":"first","10":"instock","11":"taxable","12":"shipping-taxable","13":"purchasable","14":"product-type-variable"},"_links":{"self":[{"href":"https:\/\/birthday-gifts-her.com\/de\/wp-json\/wp\/v2\/product\/7861","targetHints":{"allow":["GET"]}}],"collection":[{"href":"https:\/\/birthday-gifts-her.com\/de\/wp-json\/wp\/v2\/product"}],"about":[{"href":"https:\/\/birthday-gifts-her.com\/de\/wp-json\/wp\/v2\/types\/product"}],"replies":[{"embeddable":true,"href":"https:\/\/birthday-gifts-her.com\/de\/wp-json\/wp\/v2\/comments?post=7861"}],"wp:featuredmedia":[{"embeddable":true,"href":"https:\/\/birthday-gifts-her.com\/de\/wp-json\/wp\/v2\/media\/8378"}],"wp:attachment":[{"href":"https:\/\/birthday-gifts-her.com\/de\/wp-json\/wp\/v2\/media?parent=7861"}],"wp:term":[{"taxonomy":"product_brand","embeddable":true,"href":"https:\/\/birthday-gifts-her.com\/de\/wp-json\/wp\/v2\/product_brand?post=7861"},{"taxonomy":"product_cat","embeddable":true,"href":"https:\/\/birthday-gifts-her.com\/de\/wp-json\/wp\/v2\/product_cat?post=7861"},{"taxonomy":"product_tag","embeddable":true,"href":"https:\/\/birthday-gifts-her.com\/de\/wp-json\/wp\/v2\/product_tag?post=7861"}],"curies":[{"name":"wp","href":"https:\/\/api.w.org\/{rel}","templated":true}]}}